{"id":665,"date":"2017-05-29T19:21:08","date_gmt":"2017-05-29T16:21:08","guid":{"rendered":"http:\/\/www.astandart.com\/?page_id=665"},"modified":"2017-08-10T16:58:26","modified_gmt":"2017-08-10T13:58:26","slug":"yangin-sondurme-sistemleri","status":"publish","type":"page","link":"https:\/\/www.astandart.com\/?page_id=665","title":{"rendered":"Yang\u0131n S\u00f6nd\u00fcrme Sistemleri"},"content":{"rendered":"<p>[vc_row][vc_column width=&#8221;1\/3&#8243;][vc_single_image image=&#8221;668&#8243; img_link_target=&#8221;_self&#8221; img_size=&#8221;full&#8221;][\/vc_column][vc_column width=&#8221;2\/3&#8243;][vc_column_text]Yang\u0131n Tesisat\u0131 kontrolleri (yang\u0131n pompas\u0131, yang\u0131n hortumu ve boru hatlar\u0131) projelerinde belirtilen\u00a0kriterlere\u00a0uygun olup olmad\u0131\u011f\u0131n\u0131n belirlenmesine y\u00f6nelik olarak \u0130\u015f Ekipmanlar\u0131n\u0131n Kullan\u0131m\u0131nda Sa\u011fl\u0131k ve G\u00fcvenlik \u015eartlar\u0131 Y\u00f6netmeli\u011fi, Binalar\u0131n Yang\u0131ndan Korunmas\u0131 Hakk\u0131nda Y\u00f6netmelik ve ilgili standartlarda belirtilen hususlara g\u00f6re konusunda uzman makine m\u00fchendislerimiz taraf\u0131ndan kontrol edilir.<\/p>\n<p>\u0130\u015f Ekipmanlar\u0131n\u0131n Kullan\u0131m\u0131nda Sa\u011fl\u0131k ve G\u00fcvenlik \u015eartlar\u0131 Y\u00f6netmeli\u011fi Ek-III Bak\u0131m, Onar\u0131m ve Periyodik Kontrol ile ilgili Hususlar k\u0131sm\u0131nda i\u015f ekipman\u0131n\u0131n muayene kriterleri, metotlar\u0131, periyotlar\u0131 ve muayeneyi yapacak ki\u015filerin yetkileri tariflenmektedir.<\/p>\n<p><strong>A STANDARTS<\/strong>\u00a0t\u00fcm\u00fc Makina ve Elektrik M\u00fchendislerinden olu\u015fan muayene personeli ekibi ile y\u00f6netmeli\u011fin \u015fartlar\u0131n\u0131 kar\u015f\u0131layarak T\u00fcrk Akreditasyon Kurumu&#8217;ndan A Tipi Muayene Kurulu\u015fu olarak akredite olmu\u015f ve faaliyetlerine devam etmektedir. Ba\u011f\u0131ms\u0131z ve tarafs\u0131z muayene personelimiz i\u015fletmelere \u00fc\u00e7\u00fcnc\u00fc bir g\u00f6z olarak bakmakta ve deneyimleri ile ekipman\u0131n\u0131z\u0131n durumunu ilgili standartlara g\u00f6re raporland\u0131rmaktad\u0131r.<\/p>\n<p>\u0130lgili y\u00f6netmelikte periyodik kontrollere ili\u015fkin kriter ve periyotlar a\u015fa\u011f\u0131daki gibi belirtilmi\u015ftir. Periyodik kontrol periyodunun belirlenmesine ili\u015fkin olarak risk analizleri \u00f6nem arz etmektedir.<\/p>\n<p>\u00dclkemizde di\u011fer bir mevzuat ise Binalar\u0131n Yang\u0131ndan Korunmas\u0131 Hakk\u0131nda Y\u00f6netmeliktir. ilgili Y\u00f6netmeli\u011fin 100. maddesi periyodik kontrol ile ilgili hususlar\u0131 tan\u0131mlam\u0131\u015f ve tesisatlar\u0131n bina sorumlusu taraf\u0131ndan kontrole tabii tutulmas\u0131 gerekti\u011fini belirtmi\u015ftir.<\/p>\n<p><strong>&#8211;<\/strong>\u00a0SULU S\u00d6ND\u00dcRME S\u0130STEMLER\u0130<br \/>\n<strong>&#8211;<\/strong>\u00a0K\u00d6P\u00dcKL\u00dc S\u00d6ND\u00dcRME S\u0130STEMLER\u0130<br \/>\n<strong>&#8211;<\/strong>\u00a0GAZLI S\u00d6ND\u00dcRME S\u0130STEMLER\u0130<\/p>\n<p><strong>BA\u015eLICA MUAYENE H\u0130ZMETLER\u0130M\u0130Z<\/strong><\/p>\n<p><strong>&#8211;<\/strong>\u00a0Sulu Yang\u0131n S\u00f6nd\u00fcrme Sistemlerinin Kontrolleri<br \/>\n<strong>&#8211;<\/strong>\u00a0Gazl\u0131 Yang\u0131n S\u00f6nd\u00fcrme Sistemlerinin Kontrolleri<br \/>\n<strong>&#8211;<\/strong>\u00a0K\u00f6p\u00fckl\u00fc Yang\u0131n S\u00f6nd\u00fcrme Sistemlerinin Kontrolleri<br \/>\n<strong>&#8211;<\/strong>\u00a0Yang\u0131n Pompas\u0131 Performans Testleri<br \/>\n<strong>&#8211;<\/strong>\u00a0Yang\u0131n Alg\u0131lama Sistemlerinin Kontrolleri<\/p>\n<p><strong>A STANDARTS<\/strong>, uzman ekip ve ekipmanlar\u0131 ile ger\u00e7ekle\u015ftirdi\u011fi sulu yang\u0131n s\u00f6nd\u00fcrme sistemi kontrolleri sonucu tespit edilen eksiklikleri, uygunsuzluklar\u0131 veya tehlikeli durumlar\u0131 rapor halinde sizlere sunarak, olas\u0131 bir tehlikeli olay\u0131n engellenmesi ve yasal gereklilikleri sa\u011flaman\u0131z ad\u0131na sizlere yard\u0131mc\u0131 olur.<\/p>\n<p><strong>\u0130\u015f Ekipmanlar\u0131 Kullan\u0131m\u0131nda Sa\u011fl\u0131k ve G\u00fcvenlik \u015eartlar\u0131 Y\u00f6netmeli\u011fi<\/strong><\/p>\n<p>Bu Y\u00f6netmeli\u011fin amac\u0131, i\u015f yerinde i\u015f ekipmanlar\u0131n\u0131n kullan\u0131m\u0131 ile ilgili sa\u011fl\u0131k ve g\u00fcvenlik y\u00f6n\u00fcnden uyulmas\u0131 gerekli asgari \u015fartlar\u0131 belirlemektir. 20\/6\/2012 tarihli ve 6331 say\u0131l\u0131 \u0130\u015f Sa\u011fl\u0131\u011f\u0131 ve G\u00fcvenli\u011fi Kanunu kapsam\u0131na giren t\u00fcm i\u015f yerlerini kapsar.<\/p>\n<p>6331 say\u0131l\u0131 \u0130\u015f Sa\u011fl\u0131\u011f\u0131 ve G\u00fcvenli\u011fi Kanununun 30 ve 31 inci maddeleri ile 9\/1\/1985 tarihli ve 3146 say\u0131l\u0131 \u00c7al\u0131\u015fma ve Sosyal G\u00fcvenlik Bakanl\u0131\u011f\u0131n\u0131n Te\u015fkilat ve G\u00f6revleri Hakk\u0131nda Kanunun 2 ve 12 nci maddelerine dayan\u0131larak ve 3\/10\/2009 tarihli ve 2009\/104\/EC say\u0131l\u0131 Avrupa Birli\u011fi Direktifine paralel olarak haz\u0131rlanm\u0131\u015ft\u0131r.<\/p>\n<p><strong>Binalar\u0131n Yang\u0131ndan Korunmas\u0131 Hakk\u0131nda Y\u00f6netmelik<\/strong><\/p>\n<p>Bu Y\u00f6netmeli\u011fin amac\u0131; kamu kurum ve kurulu\u015flar\u0131, \u00f6zel kurulu\u015flar ve ger\u00e7ek ki\u015filerce kullan\u0131lan her t\u00fcrl\u00fc yap\u0131, bina, tesis ve i\u015fletmenin, tasar\u0131m\u0131, yap\u0131m\u0131, i\u015fletimi, bak\u0131m\u0131 ve kullan\u0131m\u0131 safhalar\u0131nda \u00e7\u0131kabilecek yang\u0131nlar\u0131n en aza indirilmesini ve herhangi bir \u015fekilde \u00e7\u0131kabilecek yang\u0131n\u0131n can ve mal kayb\u0131n\u0131 en aza indirerek s\u00f6nd\u00fcr\u00fclmesini sa\u011flamak \u00fczere, yang\u0131n \u00f6ncesinde ve s\u0131ras\u0131nda al\u0131nacak tedbirlerin, organizasyonun, e\u011fitimin ve denetimin usul ve esaslar\u0131n\u0131 belirlemektir.<\/p>\n<p><strong>\u0130tfaiye<\/strong><strong>\u00a0su verme ba\u011flant\u0131s\u0131<\/strong><\/p>\n<p><strong>MADDE 97-\u00a0<\/strong>(1) Y\u00fcksek binalarda\u00a0veya\u00a0bina oturma alan\u0131 1000 m<sup>2<\/sup>\u2019den b\u00fcy\u00fck binalarda\u00a0veya\u00a0cephe geni\u015fli\u011fi\u00a075 m\u2019yi a\u015fan binalarda, itfaiyenin sisteme d\u0131\u015far\u0131dan su basabilmesi i\u00e7in, sulu yang\u0131n s\u00f6nd\u00fcrme sistemlerine\u00a0en az\u00a0100 mm\u00a0nominal \u00e7ap\u0131nda\u00a0itfaiye su verme ba\u011flant\u0131s\u0131 yap\u0131lmas\u0131 \u015fartt\u0131r.\u00a0\u0130tfaiye su verme ba\u011flant\u0131s\u0131nda 2 adet\u00a065 mm\u00a0storz tip rakor\u00a0ve sistemde \u00e7ek valf bulunur ve \u00e7ek valf ile itfaiye ba\u011flant\u0131s\u0131 aras\u0131ndaki borulardaki suyun otomatik olarak bo\u015falmas\u0131n\u0131 sa\u011flayacak elemanlar konulur.\u00a0\u0130tfaiye ara\u00e7lar\u0131n\u0131n ba\u011flant\u0131 a\u011fz\u0131na ula\u015fma mesafesi\u00a018 m\u2019den fazla olamaz.[\/vc_column_text][vc_single_image image=&#8221;676&#8243; img_link_target=&#8221;_self&#8221; img_size=&#8221;full&#8221;][\/vc_column][\/vc_row]<\/p>\n","protected":false},"excerpt":{"rendered":"<p>[vc_row][vc_column width=&#8221;1\/3&#8243;][vc_single_image image=&#8221;668&#8243; img_link_target=&#8221;_self&#8221; img_size=&#8221;full&#8221;][\/vc_column][vc_column width=&#8221;2\/3&#8243;][vc_column_text]Yang\u0131n Tesisat\u0131 kontrolleri (yang\u0131n pompas\u0131, yang\u0131n hortumu ve boru hatlar\u0131) projelerinde belirtilen\u00a0kriterlere\u00a0uygun olup olmad\u0131\u011f\u0131n\u0131n belirlenmesine y\u00f6nelik olarak \u0130\u015f Ekipmanlar\u0131n\u0131n Kullan\u0131m\u0131nda Sa\u011fl\u0131k ve G\u00fcvenlik \u015eartlar\u0131 Y\u00f6netmeli\u011fi,&#8230;<\/p>\n","protected":false},"author":1,"featured_media":0,"parent":0,"menu_order":0,"comment_status":"closed","ping_status":"closed","template":"","meta":[],"_links":{"self":[{"href":"https:\/\/www.astandart.com\/index.php?rest_route=\/wp\/v2\/pages\/665"}],"collection":[{"href":"https:\/\/www.astandart.com\/index.php?rest_route=\/wp\/v2\/pages"}],"about":[{"href":"https:\/\/www.astandart.com\/index.php?rest_route=\/wp\/v2\/types\/page"}],"author":[{"embeddable":true,"href":"https:\/\/www.astandart.com\/index.php?rest_route=\/wp\/v2\/users\/1"}],"replies":[{"embeddable":true,"href":"https:\/\/www.astandart.com\/index.php?rest_route=%2Fwp%2Fv2%2Fcomments&post=665"}],"version-history":[{"count":14,"href":"https:\/\/www.astandart.com\/index.php?rest_route=\/wp\/v2\/pages\/665\/revisions"}],"predecessor-version":[{"id":691,"href":"https:\/\/www.astandart.com\/index.php?rest_route=\/wp\/v2\/pages\/665\/revisions\/691"}],"wp:attachment":[{"href":"https:\/\/www.astandart.com\/index.php?rest_route=%2Fwp%2Fv2%2Fmedia&parent=665"}],"curies":[{"name":"wp","href":"https:\/\/api.w.org\/{rel}","templated":true}]}}