{"id":6,"date":"2015-09-04T11:02:21","date_gmt":"2015-09-04T08:02:21","guid":{"rendered":"http:\/\/astandart.com\/?page_id=6"},"modified":"2023-04-11T13:20:53","modified_gmt":"2023-04-11T10:20:53","slug":"anasayfa","status":"publish","type":"page","link":"https:\/\/www.astandart.com\/","title":{"rendered":"ANASAYFA"},"content":{"rendered":"<p>[vc_row][vc_column width=&#8221;1\/3&#8243;]<div class=\"sliderbox text-center \"><div class=\"sliderbox-header\"><div class=\"heading\"><h4 class=\"bottom-0\"><a href=\"http:\/\/www.astandart.com\/?page_id=103\">KALDIRMA VE \u0130LETME EK\u0130PMANLARI<\/a><\/h4><\/div><div class=\"sliderbox-media\"><img src=\"\" alt=\"\" class=\"img-responsive\"><\/div><\/div><div class=\"sliderbox-content\"><p><\/p>\n<p><strong>KALDIRMA VE \u0130LETME EK\u0130PMANLARI<\/strong><\/p>\n<p><\/p><\/div><\/div>[\/vc_column][vc_column width=&#8221;1\/3&#8243;]<div class=\"sliderbox text-center \"><div class=\"sliderbox-header\"><div class=\"heading\"><h4 class=\"bottom-0\"><a href=\"\">BASIN\u00c7LI KAPLAR<\/a><\/h4><\/div><div class=\"sliderbox-media\"><img src=\"\" alt=\"\" class=\"img-responsive\"><\/div><\/div><div class=\"sliderbox-content\"><p><\/p>\n<p><strong>BASIN\u00c7LI KAPLAR<\/strong><\/p>\n<p><\/p><\/div><\/div>[\/vc_column][vc_column width=&#8221;1\/3&#8243;]<div class=\"sliderbox text-center \"><div class=\"sliderbox-header\"><div class=\"heading\"><h4 class=\"bottom-0\"><a href=\"http:\/\/www.astandart.com\/?page_id=665\">YANGIN S\u00d6ND\u00dcRME S\u0130STEMLER\u0130<\/a><\/h4><\/div><div class=\"sliderbox-media\"><img src=\"\" alt=\"\" class=\"img-responsive\"><\/div><\/div><div class=\"sliderbox-content\"><p><\/p>\n<p><strong>YANGIN S\u00d6ND\u00dcRME S\u0130STEMLER\u0130<\/strong><\/p>\n<p><\/p><\/div><\/div>[\/vc_column][\/vc_row][vc_row][vc_column width=&#8221;1\/1&#8243;][vc_empty_space height=&#8221;21px&#8221;][vc_separator style=&#8221;dashed&#8221; border_width=&#8221;2&#8243;][\/vc_column][\/vc_row][vc_row][vc_column width=&#8221;2\/3&#8243;]<\/p>\n<div class=\"title-area \">\n<h5 class=\"heading-subtitle bottom-0 normal\">Periyodik Muayene ve \u00d6l\u00e7\u00fcm Talebi Yap\u0131n<\/h5>\n<h4 class=\"large bottom-0 heading-title normal\">\u0130\u015fletmenizi ve Eme\u011finizi Beraber Koruyal\u0131m<\/h4>\n<\/div>\n<p>[\/vc_column][vc_column width=&#8221;1\/3&#8243;][vc_button title=&#8221;H\u0130ZMET TALEP FORMU&#8221; target=&#8221;_blank&#8221; color=&#8221;btn-warning&#8221; icon=&#8221;wpb_mail&#8221; size=&#8221;btn-large&#8221; href=&#8221;http:\/\/www.astandart.com\/?page_id=341&#8243;][\/vc_column][\/vc_row][vc_row][vc_column width=&#8221;1\/1&#8243;][vc_empty_space height=&#8221;10px&#8221;][vc_separator style=&#8221;dashed&#8221; border_width=&#8221;2&#8243;][vc_empty_space height=&#8221;6px&#8221;][\/vc_column][\/vc_row][vc_row][vc_column width=&#8221;1\/2&#8243;][vc_wp_text]<\/p>\n<p><img decoding=\"async\" loading=\"lazy\" class=\"alignleft wp-image-92\" src=\"http:\/\/www.astandart.com\/wp-content\/uploads\/2017\/02\/AB-0326-M.M.jpg\" alt=\"turkak\" width=\"137\" height=\"142\" \/>T\u00fcrkak taraf\u0131ndan 14.12.2016 Tarihinde A Tipi Muayene kurulu\u015fu olarak akreditasyonumuz tamamlanm\u0131\u015ft\u0131r.\u015eirketimiz muayene ve g\u00f6zetim hizmetlerini ger\u00e7ekle\u015ftirmektedir. \u0130\u015fletmelerde s\u00fcrekli kullan\u0131lan ve insan sa\u011fl\u0131\u011f\u0131 a\u00e7\u0131s\u0131ndan \u00f6nem arz eden Bas\u0131n\u00e7l\u0131 kaplar, Kald\u0131rma Ara\u00e7lar\u0131 , Elektrik ekipmanlar\u0131 ve di\u011fer tesisatlar\u0131n kontrolleri konusunda test ve muayene faaliyetlerini profesyonel ekiplerce sa\u011flamaktad\u0131r.<\/p>\n<p>[\/vc_wp_text][vc_empty_space height=&#8221;24px&#8221;][vc_empty_space height=&#8221;42px&#8221;][\/vc_column][vc_column width=&#8221;1\/2&#8243;][vc_accordion][vc_accordion_tab title=&#8221;Kald\u0131rma-\u0130letme Ara\u00e7lar\u0131n\u0131n Periyodik Test ve Kontrolleri Nelerdir ?&#8221;][vc_wp_text]Kald\u0131rma \u2013 \u0130letme Ara\u00e7lar\u0131n\u0131n Periyodik Test ve Kontrolleri\u00a0\u00a0amac\u0131, i\u015f yerinde i\u015f\u00a0ekipmanlar\u0131n\u0131n\u00a0kullan\u0131m\u0131\u00a0ile ilgili sa\u011fl\u0131k ve g\u00fcvenlik y\u00f6n\u00fcnden uyulmas\u0131\u00a0gerekli asgari\u00a0\u015fartlar\u0131\u00a0belirlemektir. \u0130\u015f\u00a0ekipman\u0131n\u0131n\u00a0g\u00fcvenli\u011finin kurulma ve montaj\u00a0\u015fartlar\u0131na ba\u011fl\u0131\u00a0oldu\u011fu durumlarda, ekipman\u0131n kurulmas\u0131ndan sonra ve ilk defa kullan\u0131lmadan\u00a0\u00f6nce ve her yer de\u011fi\u015fikli\u011finde ekipman\u0131n, periyodik kontrolleri yapmaya yetkili ki\u015filer taraf\u0131ndan kontrol\u00fc\u00a0yap\u0131lmal\u0131d\u0131r. Do\u011fru kuruldu\u011fu ve g\u00fcvenli\u00a0\u015fekilde\u00a0\u00e7al\u0131\u015ft\u0131\u011f\u0131n\u0131\u00a0g\u00f6steren belge d\u00fczenlenir.<\/p>\n<p>\u00c7al\u0131\u015fma\u00a0\u015feklinde de\u011fi\u015fiklikler, kazalar, do\u011fal olaylar veya\u00a0ekipman\u0131n\u00a0uzun s\u00fcre kullan\u0131lmamas\u0131\u00a0gibi i\u015fekipman\u0131ndaki g\u00fcvenli\u011fin bozulmas\u0131na neden olabilecek durumlardan sonra, ar\u0131zan\u0131n zaman\u0131nda belirlenip giderilmesi ve sa\u011fl\u0131k ve g\u00fcvenlik ko\u015fullar\u0131n\u0131n korunmas\u0131\u00a0i\u00e7in periyodik kontrolleri yapmaya yetkili ki\u015filerce gerekli kontrollerin yap\u0131lmas\u0131, sa\u011flanmal\u0131d\u0131r.[\/vc_wp_text][\/vc_accordion_tab][vc_accordion_tab title=&#8221;Bas\u0131n\u00e7l\u0131 Kaplar\u0131n Periyodik Test ve Kontrolleri Nelerdir ?&#8221;][vc_wp_text]\u0130\u015f ekipmanlar\u0131n\u0131n bak\u0131m, onar\u0131m ve periyodik kontrolleri, ilgili ulusal ve uluslararas\u0131 standartlarda belirlenen aral\u0131klarda ve kriterlerde, imalat\u00e7\u0131 verileri ile fen ve tekni\u011fin gereklilikleri dikkate al\u0131narak yap\u0131l\u0131r.\u0130\u015f ekipmanlar\u0131n\u0131n bak\u0131mlar\u0131 (g\u00fcnl\u00fck, haftal\u0131k, ayl\u0131k, \u00fc\u00e7 ayl\u0131k, alt\u0131 ayl\u0131k ve benzeri), ilgili standartlarda belirlenen veya imalat\u00e7\u0131n\u0131n belirledi\u011fi \u015fekilde, imalat\u00e7\u0131 taraf\u0131ndan yetkilendirilmi\u015f servislerce veya i\u015fyeri taraf\u0131ndan g\u00f6revlendirilmi\u015f ki\u015filerce yap\u0131l\u0131r.<br \/>\nPeriyodik kontrol aral\u0131\u011f\u0131 ve kriterleri standartlar ile belirlenmemi\u015f i\u015f ekipmanlar\u0131n\u0131n periyodik kontrolleri, varsa imalat\u00e7\u0131n\u0131n \u00f6ng\u00f6rd\u00fc\u011f\u00fc aral\u0131k ve kriterlerde yap\u0131l\u0131r. Bu hususlar, imalat\u00e7\u0131 taraf\u0131ndan belirlenmemi\u015f ise i\u015f ekipman\u0131n\u0131n periyodik kontrol\u00fc, bulundu\u011fu i\u015fyeri ortam ko\u015fullar\u0131, kullan\u0131m s\u0131kl\u0131\u011f\u0131 ile kullan\u0131m s\u00fcresi gibi fakt\u00f6rler g\u00f6z \u00f6n\u00fcnde bulundurularak, yap\u0131lacak risk de\u011ferlendirmesi sonu\u00e7lar\u0131na g\u00f6re, belirlenecek aral\u0131klarda yap\u0131l\u0131r. Belirlenen periyodik kontrol aral\u0131\u011f\u0131n\u0131n bu Y\u00f6netmelikte belirtilen istisnalar d\u0131\u015f\u0131nda bir y\u0131l\u0131 a\u015fmamas\u0131 gerekir.[\/vc_wp_text][\/vc_accordion_tab][\/vc_accordion][\/vc_column][\/vc_row][vc_row][vc_column width=&#8221;1\/1&#8243;][vc_empty_space][\/vc_column][\/vc_row][vc_row][vc_column width=&#8221;1\/4&#8243;]<div class=\"normal iconbox \"><div class=\"icon\"><i class=\"pe-7s-config\"><\/i><\/div><div class=\"iconbox-content\"><h3 class=\"iconbox-heading bottom-10\">Kald\u0131rma - \u0130letme Ekipmanlar\u0131 Periyodik Muayene<\/h3><p><\/p><\/div><\/div>[\/vc_column][vc_column width=&#8221;1\/4&#8243;]<div class=\"normal iconbox \"><div class=\"icon\"><i class=\"pe-7s-config\"><\/i><\/div><div class=\"iconbox-content\"><h3 class=\"iconbox-heading bottom-10\">Bas\u0131n\u00e7l\u0131 Kaplar Periyodik Muayene<\/h3><p><\/p><\/div><\/div>[\/vc_column][vc_column width=&#8221;1\/4&#8243;]<div class=\"normal iconbox \"><div class=\"icon\"><i class=\"pe-7s-config\"><\/i><\/div><div class=\"iconbox-content\"><h3 class=\"iconbox-heading bottom-10\">LPG Stok Tanklar\u0131<\/h3><p><\/p>\n<p>TS EN 12817 \/ TS EN 12819<\/p>\n<p><\/p><\/div><\/div>[\/vc_column][vc_column width=&#8221;1\/4&#8243;]<div class=\"normal iconbox \"><div class=\"icon\"><i class=\"pe-7s-config\"><\/i><\/div><div class=\"iconbox-content\"><h3 class=\"iconbox-heading bottom-10\">LPG \u0130kmal Tankeri<\/h3><p><\/p>\n<p>TS EN 14334<\/p>\n<p><\/p><\/div><\/div>[\/vc_column][\/vc_row][vc_row][vc_column width=&#8221;1\/4&#8243;]<div class=\"normal iconbox \"><div class=\"icon\"><i class=\"pe-7s-config\"><\/i><\/div><div class=\"iconbox-content\"><h3 class=\"iconbox-heading bottom-10\">Akaryak\u0131t \u0130kmal Tankeri<\/h3><p><\/p>\n<p>TS EN 12972<\/p>\n<p><\/p><\/div><\/div>[\/vc_column][vc_column width=&#8221;1\/4&#8243;]<div class=\"normal iconbox \"><div class=\"icon\"><i class=\"pe-7s-config\"><\/i><\/div><div class=\"iconbox-content\"><h3 class=\"iconbox-heading bottom-10\">Yang\u0131n S\u00f6nd\u00fcrme Sistemleri Periyodik Muayene<\/h3><p><\/p><\/div><\/div>[\/vc_column][vc_column width=&#8221;1\/4&#8243;]<div class=\"normal iconbox \"><div class=\"icon\"><i class=\"pe-7s-config\"><\/i><\/div><div class=\"iconbox-content\"><h3 class=\"iconbox-heading bottom-10\">Tahribats\u0131z Muayene (NDT)<\/h3><p><\/p><\/div><\/div>[\/vc_column][vc_column width=&#8221;1\/4&#8243;]<div class=\"normal iconbox \"><div class=\"icon\"><i class=\"pe-7s-config\"><\/i><\/div><div class=\"iconbox-content\"><h3 class=\"iconbox-heading bottom-10\">Elektriksel \u00d6l\u00e7\u00fcm ve Kontrolleri<\/h3><p><\/p><\/div><\/div>[\/vc_column][\/vc_row][vc_row][vc_column width=&#8221;1\/1&#8243;][vc_empty_space][\/vc_column][\/vc_row]<\/p>\n","protected":false},"excerpt":{"rendered":"<p>[vc_row][vc_column width=&#8221;1\/3&#8243;][\/vc_column][vc_column width=&#8221;1\/3&#8243;][\/vc_column][vc_column width=&#8221;1\/3&#8243;][\/vc_column][\/vc_row][vc_row][vc_column width=&#8221;1\/1&#8243;][vc_empty_space height=&#8221;21px&#8221;][vc_separator style=&#8221;dashed&#8221; border_width=&#8221;2&#8243;][\/vc_column][\/vc_row][vc_row][vc_column width=&#8221;2\/3&#8243;][\/vc_column][vc_column width=&#8221;1\/3&#8243;][vc_button title=&#8221;H\u0130ZMET TALEP FORMU&#8221; target=&#8221;_blank&#8221; color=&#8221;btn-warning&#8221; icon=&#8221;wpb_mail&#8221; size=&#8221;btn-large&#8221; href=&#8221;http:\/\/www.astandart.com\/?page_id=341&#8243;][\/vc_column][\/vc_row][vc_row][vc_column width=&#8221;1\/1&#8243;][vc_empty_space height=&#8221;10px&#8221;][vc_separator style=&#8221;dashed&#8221; border_width=&#8221;2&#8243;][vc_empty_space height=&#8221;6px&#8221;][\/vc_column][\/vc_row][vc_row][vc_column width=&#8221;1\/2&#8243;][vc_wp_text] T\u00fcrkak taraf\u0131ndan 14.12.2016 Tarihinde A Tipi&#8230;<\/p>\n","protected":false},"author":1,"featured_media":0,"parent":0,"menu_order":0,"comment_status":"closed","ping_status":"closed","template":"","meta":[],"_links":{"self":[{"href":"https:\/\/www.astandart.com\/index.php?rest_route=\/wp\/v2\/pages\/6"}],"collection":[{"href":"https:\/\/www.astandart.com\/index.php?rest_route=\/wp\/v2\/pages"}],"about":[{"href":"https:\/\/www.astandart.com\/index.php?rest_route=\/wp\/v2\/types\/page"}],"author":[{"embeddable":true,"href":"https:\/\/www.astandart.com\/index.php?rest_route=\/wp\/v2\/users\/1"}],"replies":[{"embeddable":true,"href":"https:\/\/www.astandart.com\/index.php?rest_route=%2Fwp%2Fv2%2Fcomments&post=6"}],"version-history":[{"count":183,"href":"https:\/\/www.astandart.com\/index.php?rest_route=\/wp\/v2\/pages\/6\/revisions"}],"predecessor-version":[{"id":717,"href":"https:\/\/www.astandart.com\/index.php?rest_route=\/wp\/v2\/pages\/6\/revisions\/717"}],"wp:attachment":[{"href":"https:\/\/www.astandart.com\/index.php?rest_route=%2Fwp%2Fv2%2Fmedia&parent=6"}],"curies":[{"name":"wp","href":"https:\/\/api.w.org\/{rel}","templated":true}]}}