{"id":515,"date":"2016-09-29T16:45:47","date_gmt":"2016-09-29T13:45:47","guid":{"rendered":"http:\/\/astandart.com\/?page_id=515"},"modified":"2016-09-29T16:48:29","modified_gmt":"2016-09-29T13:48:29","slug":"musteri-girisi","status":"publish","type":"page","link":"https:\/\/www.astandart.com\/?page_id=515","title":{"rendered":"M\u00dc\u015eTER\u0130 G\u0130R\u0130\u015e\u0130"},"content":{"rendered":"<div class=\"container\">\n<div class=\"row\">\n<div class=\"span12\">\n<h1 style=\"text-align: center;\">M\u00dc\u015eTER\u0130 G\u0130R\u0130\u015e\u0130<\/h1>\n<div class=\"entry-content media\">\n<form id=\"user_forgot_form\" class=\"user-login-form\" style=\"display: none;\" action=\"\" method=\"post\">\n<div class=\"field\"><label for=\"user-login-email\">Kullan\u0131c\u0131 Ad\u0131n\u0131z<\/label><br \/>\n<input id=\"user_login_email\" class=\"required\" name=\"email\" type=\"text\" \/><\/div>\n<div style=\"display: none;\"><input name=\"ulf-hp\" type=\"text\" \/><br \/>\n<input name=\"user\" type=\"hidden\" value=\"1\" \/><br \/>\n<input name=\"ua\" type=\"hidden\" value=\"forgotpassword\" \/><\/div>\n<div class=\"form-actions\"><button class=\"btn\" type=\"submit\">\u015eifremi S\u0131f\u0131rla<\/button><br \/>\n<span class=\"form-alt-actions\"><br \/>\n| <a class=\"form-user-login-action\">Giri\u015f Yap<\/a><br \/>\n<\/span><\/div>\n<\/form>\n<form id=\"user_login_form\" class=\"user-login-form\" action=\"\" method=\"post\">\n<div class=\"field\" style=\"text-align: center;\"><label for=\"user-login-email\">Kullan\u0131c\u0131 Ad\u0131n\u0131z<\/label><br \/>\n<input id=\"user-login-email\" class=\"required\" autocomplete=\"off\" name=\"email\" type=\"text\" \/><\/div>\n<div class=\"field\" style=\"text-align: center;\"><label for=\"user-login-password\">\u015eifrenizi Giriniz:<\/label><br \/>\n<input id=\"user-login-password\" class=\"required\" autocomplete=\"off\" name=\"password\" type=\"password\" \/><\/div>\n<div style=\"display: none; text-align: center;\"><input name=\"ulf-hp\" type=\"text\" \/><br \/>\n<input name=\"user\" type=\"hidden\" value=\"1\" \/><br \/>\n<input name=\"ua\" type=\"hidden\" value=\"login\" \/><br \/>\n<input name=\"redirect\" type=\"hidden\" value=\"\" \/><\/div>\n<div class=\"form-actions\" style=\"text-align: center;\"><button class=\"btn-style2 icon-user small genelbuton musgonder\" type=\"submit\">G\u0130R\u0130\u015e YAP<\/button><br \/>\n<span class=\"form-alt-actions\"><br \/>\n| <a class=\"form-forgot-password-action\">\u015eifremi unuttum<\/a> |<br \/>\n<a class=\"form-user-register-action\">Kaydol<\/a><br \/>\n<\/span><\/div>\n<\/form>\n<\/div>\n<\/div>\n<\/div>\n<\/div>\n","protected":false},"excerpt":{"rendered":"<p>M\u00dc\u015eTER\u0130 G\u0130R\u0130\u015e\u0130 Kullan\u0131c\u0131 Ad\u0131n\u0131z \u015eifremi S\u0131f\u0131rla | Giri\u015f Yap Kullan\u0131c\u0131 Ad\u0131n\u0131z \u015eifrenizi Giriniz: G\u0130R\u0130\u015e YAP | \u015eifremi unuttum | Kaydol<\/p>\n","protected":false},"author":1,"featured_media":0,"parent":0,"menu_order":0,"comment_status":"closed","ping_status":"closed","template":"","meta":[],"_links":{"self":[{"href":"https:\/\/www.astandart.com\/index.php?rest_route=\/wp\/v2\/pages\/515"}],"collection":[{"href":"https:\/\/www.astandart.com\/index.php?rest_route=\/wp\/v2\/pages"}],"about":[{"href":"https:\/\/www.astandart.com\/index.php?rest_route=\/wp\/v2\/types\/page"}],"author":[{"embeddable":true,"href":"https:\/\/www.astandart.com\/index.php?rest_route=\/wp\/v2\/users\/1"}],"replies":[{"embeddable":true,"href":"https:\/\/www.astandart.com\/index.php?rest_route=%2Fwp%2Fv2%2Fcomments&post=515"}],"version-history":[{"count":3,"href":"https:\/\/www.astandart.com\/index.php?rest_route=\/wp\/v2\/pages\/515\/revisions"}],"predecessor-version":[{"id":517,"href":"https:\/\/www.astandart.com\/index.php?rest_route=\/wp\/v2\/pages\/515\/revisions\/517"}],"wp:attachment":[{"href":"https:\/\/www.astandart.com\/index.php?rest_route=%2Fwp%2Fv2%2Fmedia&parent=515"}],"curies":[{"name":"wp","href":"https:\/\/api.w.org\/{rel}","templated":true}]}}