{"id":501,"date":"2016-09-29T15:49:46","date_gmt":"2016-09-29T12:49:46","guid":{"rendered":"http:\/\/astandart.com\/?page_id=501"},"modified":"2016-09-29T16:16:24","modified_gmt":"2016-09-29T13:16:24","slug":"dokumanlar","status":"publish","type":"page","link":"https:\/\/www.astandart.com\/?page_id=501","title":{"rendered":"D\u00d6K\u00dcMANLAR"},"content":{"rendered":"<p>[vc_row][vc_column width=&#8221;1\/1&#8243;][vc_cta_button call_text=&#8221;F.14 M\u00fc\u015fteri Memnuniyeti De\u011ferlendirme Anketi&#8221; title=&#8221;indir&#8221; target=&#8221;_blank&#8221; color=&#8221;btn-inverse&#8221; icon=&#8221;wpb_document_pdf&#8221; size=&#8221;wpb_regularsize&#8221; position=&#8221;cta_align_right&#8221; href=&#8221;http:\/\/astandart.com\/dokuman\/F.14.Musteri.Memnuniyeti.Degerlendirme.Anketi.pdf&#8221;][vc_cta_button call_text=&#8221;F.17 \u0130tiraz ve \u015eikayet De\u011ferlendirme Formu&#8221; title=&#8221;indir&#8221; target=&#8221;_blank&#8221; color=&#8221;btn-inverse&#8221; icon=&#8221;wpb_document_pdf&#8221; size=&#8221;wpb_regularsize&#8221; position=&#8221;cta_align_right&#8221; href=&#8221;http:\/\/astandart.com\/dokuman\/F.17.itiraz.ve.Sikayet.Degerlendirme.Formu.pdf&#8221;][vc_cta_button call_text=&#8221;F.32 Ba\u011f\u0131ms\u0131zl\u0131k, Tarafs\u0131zl\u0131k ve Gizlilik Beyan\u0131-Rev.01&#8243; title=&#8221;indir&#8221; target=&#8221;_blank&#8221; color=&#8221;btn-inverse&#8221; icon=&#8221;wpb_document_pdf&#8221; size=&#8221;wpb_regularsize&#8221; position=&#8221;cta_align_right&#8221; href=&#8221;http:\/\/astandart.com\/dokuman\/F.32.Bagimsizlik.Tarafsizlik.ve.Gizlilik.Beyani-Rev.01.pdf&#8221;][vc_cta_button call_text=&#8221;F.63 Periyodik Muayene Ba\u015fvuru Formu&#8221; title=&#8221;indir&#8221; target=&#8221;_blank&#8221; color=&#8221;btn-inverse&#8221; icon=&#8221;wpb_document_pdf&#8221; size=&#8221;wpb_regularsize&#8221; position=&#8221;cta_align_right&#8221; href=&#8221;http:\/\/astandart.com\/dokuman\/F.63.Periyodik.Muayene.Basvuru.Formu.pdf&#8221;][vc_cta_button call_text=&#8221;OEK.01 Organizasyon \u015eemas\u0131-Rev.01 \u0130simli&#8221; title=&#8221;indir&#8221; target=&#8221;_blank&#8221; color=&#8221;btn-inverse&#8221; icon=&#8221;wpb_document_pdf&#8221; size=&#8221;wpb_regularsize&#8221; position=&#8221;cta_align_right&#8221; href=&#8221;http:\/\/astandart.com\/dokuman\/OEK.01.Organizasyon.Semasi-Rev.01.isimli.pdf&#8221;][vc_cta_button call_text=&#8221;P.10 \u0130tiraz ve \u015eikayetlerin De\u011ferlendirilmesi Prosed\u00fcr\u00fc-Rev.01&#8243; title=&#8221;indir&#8221; target=&#8221;_blank&#8221; color=&#8221;btn-inverse&#8221; icon=&#8221;wpb_document_pdf&#8221; size=&#8221;wpb_regularsize&#8221; position=&#8221;cta_align_right&#8221; href=&#8221;http:\/\/astandart.com\/dokuman\/P.10.itiraz.ve.Sikayetlerin.De\u011ferlendirilmesi.Proseduru-Rev.01.pdf&#8221;][vc_cta_button call_text=&#8221;T.09 Logo Kullan\u0131m Talimat\u0131&#8221; title=&#8221;indir&#8221; target=&#8221;_blank&#8221; color=&#8221;btn-inverse&#8221; icon=&#8221;wpb_document_pdf&#8221; size=&#8221;wpb_regularsize&#8221; position=&#8221;cta_align_right&#8221; href=&#8221;http:\/\/astandart.com\/dokuman\/T.09.Logo.Kullanim.Talimati.pdf&#8221;][\/vc_column][\/vc_row]<\/p>\n","protected":false},"excerpt":{"rendered":"<p>[vc_row][vc_column width=&#8221;1\/1&#8243;][vc_cta_button call_text=&#8221;F.14 M\u00fc\u015fteri Memnuniyeti De\u011ferlendirme Anketi&#8221; title=&#8221;indir&#8221; target=&#8221;_blank&#8221; color=&#8221;btn-inverse&#8221; icon=&#8221;wpb_document_pdf&#8221; size=&#8221;wpb_regularsize&#8221; position=&#8221;cta_align_right&#8221; href=&#8221;http:\/\/astandart.com\/dokuman\/F.14.Musteri.Memnuniyeti.Degerlendirme.Anketi.pdf&#8221;][vc_cta_button call_text=&#8221;F.17 \u0130tiraz ve \u015eikayet De\u011ferlendirme Formu&#8221; title=&#8221;indir&#8221; target=&#8221;_blank&#8221; color=&#8221;btn-inverse&#8221; icon=&#8221;wpb_document_pdf&#8221; size=&#8221;wpb_regularsize&#8221; position=&#8221;cta_align_right&#8221; href=&#8221;http:\/\/astandart.com\/dokuman\/F.17.itiraz.ve.Sikayet.Degerlendirme.Formu.pdf&#8221;][vc_cta_button call_text=&#8221;F.32 Ba\u011f\u0131ms\u0131zl\u0131k, Tarafs\u0131zl\u0131k&#8230;<\/p>\n","protected":false},"author":1,"featured_media":0,"parent":0,"menu_order":0,"comment_status":"closed","ping_status":"closed","template":"","meta":[],"_links":{"self":[{"href":"https:\/\/www.astandart.com\/index.php?rest_route=\/wp\/v2\/pages\/501"}],"collection":[{"href":"https:\/\/www.astandart.com\/index.php?rest_route=\/wp\/v2\/pages"}],"about":[{"href":"https:\/\/www.astandart.com\/index.php?rest_route=\/wp\/v2\/types\/page"}],"author":[{"embeddable":true,"href":"https:\/\/www.astandart.com\/index.php?rest_route=\/wp\/v2\/users\/1"}],"replies":[{"embeddable":true,"href":"https:\/\/www.astandart.com\/index.php?rest_route=%2Fwp%2Fv2%2Fcomments&post=501"}],"version-history":[{"count":12,"href":"https:\/\/www.astandart.com\/index.php?rest_route=\/wp\/v2\/pages\/501\/revisions"}],"predecessor-version":[{"id":514,"href":"https:\/\/www.astandart.com\/index.php?rest_route=\/wp\/v2\/pages\/501\/revisions\/514"}],"wp:attachment":[{"href":"https:\/\/www.astandart.com\/index.php?rest_route=%2Fwp%2Fv2%2Fmedia&parent=501"}],"curies":[{"name":"wp","href":"https:\/\/api.w.org\/{rel}","templated":true}]}}