{"id":451,"date":"2015-10-08T11:11:51","date_gmt":"2015-10-08T08:11:51","guid":{"rendered":"http:\/\/astandart.com\/?page_id=451"},"modified":"2015-10-08T11:13:05","modified_gmt":"2015-10-08T08:13:05","slug":"akreditasyon-hakkinda","status":"publish","type":"page","link":"https:\/\/www.astandart.com\/?page_id=451","title":{"rendered":"Akreditasyon Hakk\u0131nda"},"content":{"rendered":"<p>[vc_row][vc_column width=&#8221;2\/3&#8243;][vc_column_text]Akreditasyon uygunluk de\u011ferlendirme kurulu\u015flar\u0131nca ger\u00e7ekle\u015ftirilen \u00e7al\u0131\u015fmalar\u0131n ve dolay\u0131s\u0131yla bu \u00e7al\u0131\u015fmalar sonucunda d\u00fczenledikleri uygunluk teyit belgelerinin (deney ve muayene raporlar\u0131, kalibrasyon sertifikalar\u0131, y\u00f6netim sistemi belgeleri, \u00fcr\u00fcn belgeleri, personel belgeleri vb) g\u00fcvenilirli\u011fini ve ge\u00e7erlili\u011fini desteklemek amac\u0131yla olu\u015fturulmu\u015f bir kalite altyap\u0131s\u0131d\u0131r. (\u00a0<a href=\"http:\/\/www.turkak.org.tr\/TURKAKSITE\/Default.aspx\">www.turkak.org.tr<\/a>\u00a0)<\/p>\n<p>Akreditasyon \u00f6rnekleri i\u015f ya\u015fam\u0131nda kalite y\u00f6netim sistemi, i\u015f sa\u011fl\u0131\u011f\u0131 ve g\u00fcvenli\u011fi y\u00f6netim sistemi, \u00e7evre y\u00f6netim sistemi gibi alanlarda yayg\u0131n olarak g\u00f6r\u00fclmektedir.<\/p>\n<p>\u0130\u015f sa\u011fl\u0131\u011f\u0131 ve g\u00fcvenli\u011fi ile ilgili periyodik kontroller ve teknik \u00f6l\u00e7\u00fcmler muayene kurulu\u015flar\u0131n\u0131n akreditasyon \u015fartlar\u0131n\u0131 belirten TS EN ISO\/IEC 17020:2012 \u201cUygunluk De\u011ferlendirmesi- \u00c7e\u015fitli Tiplerdeki Muayene Kurulu\u015flar\u0131n\u0131n \u0130\u015fletimi \u0130\u00e7in \u015eartlar\u201d standard\u0131 \u00e7er\u00e7evesinde yap\u0131lmaktad\u0131r.<br \/>\nTS EN ISO\/IEC 17020 standard\u0131na g\u00f6re muayene kurulu\u015flar\u0131 A, B, C Tipi olarak gruplanm\u0131\u015ft\u0131r. A Tipi Muayene Kurulu\u015flar\u0131 konunun taraflar\u0131ndan ba\u011f\u0131ms\u0131z ve tarafs\u0131z olmal\u0131, ba\u011f\u0131ms\u0131zl\u0131\u011f\u0131 ve tarafs\u0131zl\u0131\u011f\u0131 sa\u011flayacak \u015fartlara uymal\u0131d\u0131r.<\/p>\n<p>\u00dclkemizdeki yasalara g\u00f6re baz\u0131 mal ve hizmetleri sunanlar\u0131n akredite olmu\u015f olmas\u0131 bir zorunluluktur. \u00d6rne\u011fin Asans\u00f6r Y\u0131ll\u0131k Periyodik Kontrol\u00fc\u2019n\u00fc yapacak kurulu\u015flar A Tipi Muayene Kurulu\u015fu olarak akredite olmu\u015f olmal\u0131d\u0131r.<\/p>\n<p>Akreditasyon\u2019un yasal zorunluluk olmad\u0131\u011f\u0131 durumlarda akreditasyon kurum ve kurulu\u015flar a\u00e7\u0131s\u0131ndan tercih edilirlik sa\u011flamaktad\u0131r:<\/p>\n<ul>\n<li>\u00a0Muayene kurulu\u015funun personelinin ba\u011f\u0131ms\u0131z ve tarafs\u0131zl\u0131\u011f\u0131n\u0131 sa\u011flayacak \u00f6nlemleri mevcuttur.<\/li>\n<li>\u00a0Muayene kurulu\u015fu personelinin teknik yeterlilik a\u00e7\u0131s\u0131ndan asgari \u015fartlar\u0131 kar\u015f\u0131lad\u0131\u011f\u0131n\u0131 g\u00f6sterir.<\/li>\n<li>\u00a0Yap\u0131lan \u00e7al\u0131\u015fmalara ili\u015fkin bir i\u00e7 denetim sistemi mevcuttur.<\/li>\n<li>\u00a0Kullan\u0131lan \u00f6l\u00e7\u00fc aletlerinin kalibrasyonu yap\u0131lm\u0131\u015f, dolay\u0131s\u0131yla hata paylar\u0131n\u0131n belirlenen toleranslar i\u00e7inde oldu\u011funa i\u015faret eder.<\/li>\n<\/ul>\n<p>[\/vc_column_text][\/vc_column][vc_column width=&#8221;1\/3&#8243;][vc_single_image image=&#8221;92&#8243; img_link_target=&#8221;_self&#8221; img_size=&#8221;full&#8221;][\/vc_column][\/vc_row]<\/p>\n","protected":false},"excerpt":{"rendered":"<p>[vc_row][vc_column width=&#8221;2\/3&#8243;][vc_column_text]Akreditasyon uygunluk de\u011ferlendirme kurulu\u015flar\u0131nca ger\u00e7ekle\u015ftirilen \u00e7al\u0131\u015fmalar\u0131n ve dolay\u0131s\u0131yla bu \u00e7al\u0131\u015fmalar sonucunda d\u00fczenledikleri uygunluk teyit belgelerinin (deney ve muayene raporlar\u0131, kalibrasyon sertifikalar\u0131, y\u00f6netim sistemi belgeleri, \u00fcr\u00fcn belgeleri, personel belgeleri vb)&#8230;<\/p>\n","protected":false},"author":1,"featured_media":0,"parent":0,"menu_order":0,"comment_status":"closed","ping_status":"closed","template":"","meta":[],"_links":{"self":[{"href":"https:\/\/www.astandart.com\/index.php?rest_route=\/wp\/v2\/pages\/451"}],"collection":[{"href":"https:\/\/www.astandart.com\/index.php?rest_route=\/wp\/v2\/pages"}],"about":[{"href":"https:\/\/www.astandart.com\/index.php?rest_route=\/wp\/v2\/types\/page"}],"author":[{"embeddable":true,"href":"https:\/\/www.astandart.com\/index.php?rest_route=\/wp\/v2\/users\/1"}],"replies":[{"embeddable":true,"href":"https:\/\/www.astandart.com\/index.php?rest_route=%2Fwp%2Fv2%2Fcomments&post=451"}],"version-history":[{"count":2,"href":"https:\/\/www.astandart.com\/index.php?rest_route=\/wp\/v2\/pages\/451\/revisions"}],"predecessor-version":[{"id":453,"href":"https:\/\/www.astandart.com\/index.php?rest_route=\/wp\/v2\/pages\/451\/revisions\/453"}],"wp:attachment":[{"href":"https:\/\/www.astandart.com\/index.php?rest_route=%2Fwp%2Fv2%2Fmedia&parent=451"}],"curies":[{"name":"wp","href":"https:\/\/api.w.org\/{rel}","templated":true}]}}