{"id":432,"date":"2015-10-07T16:09:36","date_gmt":"2015-10-07T13:09:36","guid":{"rendered":"http:\/\/astandart.com\/?page_id=432"},"modified":"2017-08-17T12:09:58","modified_gmt":"2017-08-17T09:09:58","slug":"iletisim","status":"publish","type":"page","link":"https:\/\/www.astandart.com\/?page_id=432","title":{"rendered":"\u0130LET\u0130\u015e\u0130M"},"content":{"rendered":"<p>[vc_row][vc_column width=&#8221;1\/1&#8243;][vc_wp_text]<iframe loading=\"lazy\" style=\"border: 0;\" src=\"https:\/\/www.google.com\/maps\/embed?pb=!1m18!1m12!1m3!1d3183.649667872475!2d36.22733351483073!3d37.06583087989463!2m3!1f0!2f0!3f0!3m2!1i1024!2i768!4f13.1!3m3!1m2!1s0x152f21be91422af7%3A0x21d1514813695686!2zQSBTVEFOREFSVFMgTcOcSEVORMSwU0zEsEsgSMSwWi5MVEQuxZ5UxLA!5e0!3m2!1str!2str!4v1487331916582\" width=\"900\" height=\"300\" frameborder=\"0\" allowfullscreen=\"allowfullscreen\"><\/iframe><\/p>\n<p>[\/vc_wp_text][\/vc_column][\/vc_row][vc_row bg_repeat=&#8221;cover&#8221;][vc_column width=&#8221;1\/2&#8243;][vc_column_text]<\/p>\n<div class=\"widget-title\">\n<h4>\u0130LET\u0130\u015e\u0130M B\u0130LG\u0130LER\u0130<\/h4>\n<\/div>\n<ul class=\"contact-info-wrap list-unstyled\">\n<li class=\"contact-field\"><i class=\"fa fa-map-marker\"><\/i><strong>\u00a0Adres: <\/strong>Y\u0131ld\u0131r\u0131m Beyaz\u0131t Mahallesi Musa \u015eahin Bulvar\u0131 14066 sk. no:2 \u00c7al\u0131kkent Kuzey Apt. Kat:4 Daire:34 <strong>Osmaniye<\/strong><\/li>\n<li class=\"contact-field\"><i class=\"fa fa-phone\"><\/i><strong>Telefon:<\/strong> +90 (328) 802 08 08<\/li>\n<li class=\"contact-field\"><i class=\"fa fa-reply\"><\/i><strong>Faks:<\/strong> +90 (328) 802 08 09<\/li>\n<li class=\"contact-field\"><i class=\"fa fa-envelope\"><\/i><strong>E-mail:\u00a0<\/strong>info@astandart.com<\/li>\n<li class=\"contact-field\"><i class=\"fa fa-globe\"><\/i><strong>Website:\u00a0<\/strong>www.astandart.com<\/li>\n<\/ul>\n<p>[\/vc_column_text][\/vc_column][vc_column width=&#8221;1\/2&#8243;][contact-form-7 404 \"Not Found\"][\/vc_column][\/vc_row]<\/p>\n","protected":false},"excerpt":{"rendered":"<p>[vc_row][vc_column width=&#8221;1\/1&#8243;][vc_wp_text] [\/vc_wp_text][\/vc_column][\/vc_row][vc_row bg_repeat=&#8221;cover&#8221;][vc_column width=&#8221;1\/2&#8243;][vc_column_text] \u0130LET\u0130\u015e\u0130M B\u0130LG\u0130LER\u0130 \u00a0Adres: Y\u0131ld\u0131r\u0131m Beyaz\u0131t Mahallesi Musa \u015eahin Bulvar\u0131 14066 sk. no:2 \u00c7al\u0131kkent Kuzey Apt. Kat:4 Daire:34 Osmaniye Telefon: +90 (328) 802 08 08 Faks:&#8230;<\/p>\n","protected":false},"author":1,"featured_media":0,"parent":0,"menu_order":0,"comment_status":"closed","ping_status":"closed","template":"","meta":[],"_links":{"self":[{"href":"https:\/\/www.astandart.com\/index.php?rest_route=\/wp\/v2\/pages\/432"}],"collection":[{"href":"https:\/\/www.astandart.com\/index.php?rest_route=\/wp\/v2\/pages"}],"about":[{"href":"https:\/\/www.astandart.com\/index.php?rest_route=\/wp\/v2\/types\/page"}],"author":[{"embeddable":true,"href":"https:\/\/www.astandart.com\/index.php?rest_route=\/wp\/v2\/users\/1"}],"replies":[{"embeddable":true,"href":"https:\/\/www.astandart.com\/index.php?rest_route=%2Fwp%2Fv2%2Fcomments&post=432"}],"version-history":[{"count":15,"href":"https:\/\/www.astandart.com\/index.php?rest_route=\/wp\/v2\/pages\/432\/revisions"}],"predecessor-version":[{"id":695,"href":"https:\/\/www.astandart.com\/index.php?rest_route=\/wp\/v2\/pages\/432\/revisions\/695"}],"wp:attachment":[{"href":"https:\/\/www.astandart.com\/index.php?rest_route=%2Fwp%2Fv2%2Fmedia&parent=432"}],"curies":[{"name":"wp","href":"https:\/\/api.w.org\/{rel}","templated":true}]}}