{"id":398,"date":"2015-09-17T03:02:36","date_gmt":"2015-09-17T00:02:36","guid":{"rendered":"http:\/\/astandart.com\/?page_id=398"},"modified":"2015-09-17T03:18:10","modified_gmt":"2015-09-17T00:18:10","slug":"tahribatsiz-muayene","status":"publish","type":"page","link":"https:\/\/www.astandart.com\/?page_id=398","title":{"rendered":"Tahribats\u0131z Muayene"},"content":{"rendered":"<p>[vc_row][vc_column width=&#8221;1\/4&#8243;][vc_single_image img_link_target=&#8221;_self&#8221; image=&#8221;404&#8243; img_size=&#8221;full&#8221;][vc_single_image image=&#8221;406&#8243; img_link_target=&#8221;_self&#8221; img_size=&#8221;full&#8221;][\/vc_column][vc_column width=&#8221;3\/4&#8243;][vc_wp_text title=&#8221;Tahribats\u0131z muayene (Non-Destructive Testing, K\u0131saca: NDT)&#8221;]Tahribats\u0131z muayene (Non-Destructive Testing, K\u0131saca: NDT), inceleme yap\u0131lacak olan makine, malzeme, ekipman ya da par\u00e7an\u0131n b\u00fct\u00fcnl\u00fc\u011f\u00fcne zarar vermeden yap\u0131lan kontrol ve muayene t\u00fcr\u00fcd\u00fcr.<br \/>\nKullan\u0131m amac\u0131 i\u00e7in gerekli olan \u00f6zellikleri bozmadan, hasar vermeden gerekti\u011finde t\u00fcm malzemenin muayenesine imk\u00e2n veren deney ve test t\u00fcr\u00fcne tahribats\u0131z muayene y\u00f6ntemleri denir.<br \/>\n\u0130\u015f Ekipman\u0131n\u0131n Periyodik Kontrol ve Testleri; \u0130\u015f Ekipmanlar\u0131n\u0131n Kullan\u0131m\u0131nda Sa\u011fl\u0131k ve G\u00fcvenlik \u015eartlar\u0131 Y\u00f6netmeli\u011fi, ilgili standartlar ve imalat\u00e7\u0131 kriterleri g\u00f6z \u00f6n\u00fcnde bulundurularak bir\u00e7ok metotla ger\u00e7ekle\u015ftirilmektedir.<\/p>\n<p>(\u00d6rne\u011fin Hidrostatik Test, Statik Test, Dinamik Test, Tahribats\u0131z Muayene Y\u00f6ntemleri vb.)<br \/>\nBu test y\u00f6ntemleri metotlar\u0131 itibariyle \u00e7o\u011fu zaman kullan\u0131lan makine ve i\u015f ekipman\u0131n\u0131n y\u0131pranmas\u0131na ve mevcut kullan\u0131m kapasitelerinin \u00fczerinde bir kapasite ile zorlanmalar\u0131 sebebiyle istenmeyen tahribatlar\u0131n olu\u015fmas\u0131na neden olabilmektedir.<\/p>\n<p>\u0130\u015fyerlerinde kullan\u0131lan makine ve ekipmanlar\u0131n mevcut zorunlu haller sebebiyle Tahribatl\u0131 muayenelerin yap\u0131lamad\u0131\u011f\u0131 durumlarda(\u00fcretimin durmamas\u0131, di\u011fer test metodlar\u0131n\u0131n uygulanmamas\u0131 vb.) standartlarda belirtilen Tahribats\u0131z muayene y\u00f6ntemleri ile periyodik kontrollerin yap\u0131lmas\u0131na m\u00fcsaade edilmektedir. \u0130lgili periyodik kontrollerin Tahribats\u0131z muayene y\u00f6ntemleri yap\u0131lmas\u0131 s\u00f6z konusu oldu\u011fu hallderde o makine ve ekipmanlara d\u00fczenlenecek periyodik kontrol raporlar\u0131nda bu husus gerek\u00e7esi ile birlikte belirtilmelidir.<\/p>\n<p>Kullan\u0131mda olan ba\u015fta bas\u0131n\u00e7l\u0131 kaplar ve kald\u0131rma ekipmanlar\u0131 stat\u00fcs\u00fcndeki t\u00fcm i\u015f ekipmanlar\u0131n\u0131n periyodik kontrollerinde dahil olmak \u00fczere Tahribats\u0131z muayene; Makine (mam\u00fcl veya yar\u0131 mam\u00fcl) ve te\u00e7hizatlar\u0131n imalat s\u00fcre\u00e7lerindeki testleri, kaynak kontrolleri, boru tesisatlar\u0131n\u0131n kontrolleri kontrol\u00fc ve sertifikasyonunda en yayg\u0131n \u015fekilde uygulanmaktad\u0131r.<\/p>\n<p>Tahribats\u0131z muayene metoduna dair bilgileri \u2018\u0130\u015f Ekipmanlar\u0131n\u0131n Kullan\u0131m\u0131nda Sa\u011fl\u0131k ve G\u00fcvenlik \u015eartlar\u0131 Y\u00f6netmeli\u011fi\u2019nin Ek-III\u2019te yer alan 1.7.5. , 2.1.1 ve 2.1.3 alt bentlerinde g\u00f6rebilmekteyiz.<\/p>\n<p>Periyodik kontrole tabii tutulacak makine ve ekipmanlar\u0131n tahribats\u0131z muayene y\u00f6ntemleri ile yap\u0131lmas\u0131 durumunda, bu kontroller sadece TS EN 473 standard\u0131na g\u00f6re e\u011fitim alm\u0131\u015f m\u00fchendisler ve ayn\u0131 e\u011fitimi alm\u0131\u015f tekniker veya y\u00fcksek teknikerler taraf\u0131ndan yap\u0131labilinmektedir.<br \/>\nA STANDARTS, TS EN 473 (ISO 9712) standard\u0131na g\u00f6re sertifikaland\u0131r\u0131lm\u0131\u015f, seviye II ve seviye III uzman olan m\u00fchendis kontrol\u00f6r kadrosuyla, end\u00fcstriyel ve kaynakl\u0131 \u00fcr\u00fcn uygulamalar\u0131 ile i\u015f ekipmanlar\u0131 y\u00f6netmeli\u011fine g\u00f6re ekipmanlar\u0131n periyodik kontrollerinde Tahribats\u0131z Muayene Hizmetlerini hassas ve kalibreli \u00f6l\u00e7\u00fcm ara\u00e7lar\u0131 vas\u0131tas\u0131yla destek sa\u011flamakta, i\u015fletmenizde kullan\u0131lan Makine ve Ekipmanlar\u0131n periyodik kontrol ve testlerinde Akredite Muayene Kurulu\u015fu olarak sizlere y\u00fcksek standartlarda hizmet sunarak ba\u011f\u0131ms\u0131z ve g\u00fcvenilir 3. Taraf m\u00fchendislik kontrolleri ger\u00e7ekle\u015ftirmektedir.<\/p>\n<h5>A STANDARTS TARAFINDAN UYGULANAN TAHR\u0130BATSIZ MUAYENE METOTLARI<\/h5>\n<p>Tahribats\u0131z Muayene Hizmetleri<br \/>\nG\u00f6rsel Muayene<br \/>\nS\u0131v\u0131 Penetrant Muayenesi<br \/>\nManyetik Par\u00e7ac\u0131k Muayenesi<br \/>\nUltrasonik Muayene<br \/>\nRadyografik Muayene[\/vc_wp_text][vc_wp_text]1. G\u00f6rsel Muayene<br \/>\n\u00c7\u0131plak g\u00f6zle yap\u0131lan muayenedir. Bir \u00fcr\u00fcn\u00fcn y\u00fczeyindeki s\u00fcreksizlikler, yap\u0131sal bozukluklar, y\u00fczey durumu gibi kaliteyi etkileyen parametrelerin optik bir yard\u0131mc\u0131 (b\u00fcy\u00fcte\u00e7 gibi) kullanarak veya kullanmaks\u0131z\u0131n muayene edilmesidir. G\u00f6zle muayene \u00e7ok basit bir metot olarak g\u00f6r\u00fcnse de kendine \u00f6zg\u00fc incelikleri vard\u0131r. Genellikle bir ba\u015fka tahribats\u0131z muayene metodunun uygulanmas\u0131ndan \u00f6nce yap\u0131lmas\u0131 gereken bir \u00e7al\u0131\u015fmad\u0131r. Zaten di\u011fer tahribats\u0131z muayene y\u00f6ntemleri i\u00e7in haz\u0131rlanm\u0131\u015f uygulama standardlar\u0131n\u0131n \u00e7o\u011funda da \u00f6ncelikle g\u00f6zle muayene yap\u0131lmas\u0131 ve bulgular\u0131n kaydedilmesi istenir.<\/p>\n<p>2. Penetrant Muayene<br \/>\nGirici boya muayenesidir. Sadece malzeme d\u0131\u015f y\u00fczeyinde a\u00e7\u0131lan hatalar tespit edilebilir.Sadece g\u00f6zenekli malzemeler bu muayeneye tabii tutulmaz.<br \/>\na) \u00d6n temizlik : Malzeme y\u00fczeyindeki yabanc\u0131 maddeleri yag kir pas temizlemek i\u00e7in yap\u0131l\u0131r.<br \/>\nb) Penetrent tatribi : Penetrant s\u0131v\u0131s\u0131 y\u00fczeye p\u00fcsk\u00fcrt\u00fcl\u00fcr, \u00e7atla\u011f\u0131 doldurur. 15 dk beklenir<br \/>\nc) 2. temizlik : malzeme y\u00fczeyindiki k\u0131rm\u0131z\u0131 s\u0131v\u0131n\u0131n (penetrant) temizleme i\u015flemidir.<br \/>\nd) Developer tatbiki : Su,\u00e7\u00f6z\u00fcc\u00fc ya da p\u00fcsk\u00fcrtme ile tatbik edilebilir. \u00c7atlaktan s\u0131v\u0131y\u0131 emip d\u0131\u015far\u0131 \u00e7\u0131kar\u0131r.<br \/>\ne) \u0130nceleme : G\u00f6zle ya da flor \u0131\u015f\u0131k alt\u0131nda muayene edilir florasan s\u0131v\u0131 kullan\u0131l\u0131p kullan\u0131lmad\u0131\u011f\u0131na g\u00f6re.<\/p>\n<p>3. Manyetik Partik\u00fcllerle Muayene<br \/>\nSadece ferromanyetik(m\u0131knat\u0131slanabilir) malzemenin muayenesi yap\u0131labilir. Par\u00e7a m\u0131knat\u0131s hale getirilir. Yumu\u015fak demir \u00fczerinden manyetik alan \u00e7ekilirse eski haline d\u00f6ner. C\u2019lu \u00e7eliklerden manyetik alan kald\u0131r\u0131lsa bile malzemede \u00e7atlak varsa kutupla\u015fma bir s\u00fcre devam edebilir. Manyetik alanla enine, elektrik alanla boyuna hatalar tespit edilebilir.<br \/>\nRahatl\u0131kla akabiliyor.Hatal\u0131 malzemede hatan\u0131n man. Alana g\u00f6sterdi\u011fi diren\u00e7 b\u00fcy\u00fck. \u00dczerinden alternatif ak\u0131m ge\u00e7en bir bobin iletken bir malzemeye yakla\u015ft\u0131r\u0131l\u0131rsa bu malzeme i\u00e7inde girdap al\u0131mlar\u0131 end\u00fcklenir. End\u00fcklenen girdap ak\u0131mlar\u0131 ilave bir manyetik alan meydana getirirler. Bu alan ya bizzat onu uyaran bobin veya bir ayr\u0131 bobin taraf\u0131ndan detekte olunabilir. Malzeme i\u00e7inde mevcut kusurlar, geometrik ve metal\u00fcrjik de\u011fi\u015fmeler elektriksel iletkenlik ve permeabilitide, dolay\u0131s\u0131yla End\u00fcklenen girdap ak\u0131mlar\u0131nda lokal de\u011fi\u015fmelere sebep olurlar. Girdap ak\u0131mlar\u0131ndaki bu de\u011fi\u015fmeler detekt\u00f6r bobin taraf\u0131ndan uygun bir cihaza g\u00f6nderilir. Okuma cihaz\u0131 ibreli bir cihaz, scope, kalemli kaydedici, \u0131\u015f\u0131kl\u0131 veya sesli alarm, say\u0131c\u0131, otomatik damgalay\u0131c\u0131 veya ay\u0131r\u0131c\u0131 bir cihaz olabilir. B\u00f6ylece malzemenin elektriksel, manyetik ve geometrik s\u00fcreksizlikleri endirekt olarak \u00f6l\u00e7\u00fclebilir.<br \/>\n\u0130letken olmayan malzemelere uygulanamaz. Ancak bunun bir istisnas\u0131 vard\u0131r; iletken bir malzeme \u00fczerinde iletken olmayan bir kaplaman\u0131n kal\u0131nl\u0131\u011f\u0131 girdap ak\u0131mlar\u0131 ile \u00f6l\u00e7\u00fclebilmektedir.<\/p>\n<p>4. Ultrasonik Muayene<br \/>\nMerkezi frekans 0,1-15 MHz aras\u0131nda ve bazen 50 MHz ile, \u00e7ok k\u0131sa ultrasonik darbe-dalgalar malzeme ya da i\u00e7 sorunlar\u0131 tespit etmek i\u00e7in malzeme canland\u0131rmak i\u00e7in ba\u015flat\u0131lan olan ultrasonik test olarakt\u0131r.Bu teknik de s\u0131k test nesnenin kal\u0131nl\u0131\u011f\u0131n\u0131 belirler, \u00f6rne\u011fin pipework korozyon izlemek i\u00e7in kullan\u0131l\u0131r.<br \/>\nAncak ayn\u0131 zamanda ah\u015fap ve kompozit beton, kullan\u0131labilen Ultrasonik test genellikle \u00e7elik ve di\u011fer metaller ve ala\u015f\u0131mlar\u0131 \u00fczerine, daha az \u00e7\u00f6z\u00fcn\u00fcrl\u00fck olsa yap\u0131l\u0131r.Bu olmayan bir form-destructive testing havac\u0131l\u0131k, otomotiv ve di\u011fer ula\u015f\u0131m sekt\u00f6rleri gibi bir\u00e7ok sekt\u00f6rlerde de kullan\u0131l\u0131r.<\/p>\n<p>5. Radyografik Muayene<br \/>\nRadyografik Muayene (RT) veya end\u00fcstriyel r\u00f6ntgen, bir nondestructive test ediyor gizli kusurlar\u0131 i\u00e7in k\u0131sa dalga boyu elektromanyetik radyasyon (y\u00fcksek enerji photons) genel yetenek \u00e7e\u015fitli malzeme i\u015flemek i\u00e7in kullanarak materyalleri tefti\u015f ve (NDT) y\u00f6ntemi.<br \/>\nYa bir X-ray makinesi veya radyoaktif kaynak (IR-192, Co-60 ya da nadir durumlarda Cs-137 in) photons bir kaynak olarak kullan\u0131labilir. N\u00f6tron radyolojik test (NR) olarak kullan\u0131r radyolojik test bir varyant\u0131 oldu\u011funu photons yerine neutrons malzeme i\u015flemek i\u00e7in.\u00c7\u00fcnk\u00fc neutrons kur\u015fun ve \u00e7elik ile kolayl\u0131kla ama ge\u00e7irebiliriz plastik, su ve ya\u011f taraf\u0131ndan durduruldu Bu, X \u00e7ok farkl\u0131 \u015feyler \u0131\u015f\u0131nlar\u0131ndan g\u00f6rebilirsiniz.<br \/>\nRadyasyon malzemenin ters taraftan \u00e7\u0131kan miktar\u0131 beri alg\u0131lanabilir ve \u00f6l\u00e7\u00fclebilir, radyasyon bu tutar (veya yo\u011funlu\u011fu varyasyonlar\u0131) kal\u0131nl\u0131k veya malzemenin kompozisyonu belirlemek i\u00e7in kullan\u0131l\u0131r.Derinlemesine I\u015f\u0131n\u0131mlar\u0131 bu dalga boyu en az 10 nanometres ve elektromanyetik spektrumun bu b\u00f6l\u00fcm\u00fcne k\u0131s\u0131tland\u0131.<\/p>\n<p>6. Eddy Current Muayenesi<br \/>\nEddy-current test iletken malzeme kusurlar\u0131 tespit elektromanyetik end\u00fcksiyon kullan\u0131r.Bir\u00e7ok s\u0131n\u0131rlamalar, aralar\u0131nda: sadece iletken malzeme, eri\u015filebilir olmal\u0131d\u0131r malzemenin y\u00fczeyinde test edilebilir, malzemenin biti\u015f k\u00f6t\u00fc kaynaklar neden olabilir, malzemenin i\u00e7ine n\u00fcfuz ve derinli\u011fi s\u0131n\u0131rl\u0131 oldu\u011funu ve bu paralel yalan kusurlar\u0131n\u0131 soru\u015fturman\u0131n m\u00fcmk\u00fcn olabilir.<br \/>\nAncak, eddy-current test veya malzemenin y\u00fczeyine yak\u0131n \u00e7ok k\u00fc\u00e7\u00fck \u00e7atlaklar alg\u0131layabilir, asgari haz\u0131rl\u0131k gerekir ve y\u00fczeyler fiziksel karma\u015f\u0131k geometriler soru\u015fturma olabilir.Ayr\u0131ca, elektrik iletkenli\u011fi ve kaplama kal\u0131nl\u0131\u011f\u0131 \u00f6l\u00e7\u00fcm\u00fc i\u00e7in yararl\u0131d\u0131r.<br \/>\nTest cihazlar\u0131, hemen geribildirim sa\u011flamak ve ta\u015f\u0131nabilir olan s\u00f6z konusu \u00f6\u011fe temas gerekmez.Testleri kullan\u0131lan tahribats\u0131z muayene teknikleridir. Her birinin kullan\u0131m alanlar\u0131 \u00f6zelliklerine g\u00f6re de\u011fi\u015fir.<\/p>\n<p>7. Phased Array Y\u00f6ntemi<br \/>\nMalzemeye phased array cihazlar\u0131 ile muayene yap\u0131l\u0131r. Ultrasonik muayeneye g\u00f6re daha avantajl\u0131d\u0131r. Ultrasonik muayenede malzeme i\u00e7i d\u00fczensizliklerin tespiti i\u00e7in 3 boyuttan muayene yap\u0131lmas\u0131na kar\u015f\u0131 phased array ile tek seferde hatalar\u0131n y\u00f6nelimi ve malzeme i\u00e7erisindeki konumlar\u0131 hakk\u0131nda bilgi al\u0131nabilir.[\/vc_wp_text][\/vc_column][\/vc_row]<\/p>\n","protected":false},"excerpt":{"rendered":"<p>[vc_row][vc_column width=&#8221;1\/4&#8243;][vc_single_image img_link_target=&#8221;_self&#8221; image=&#8221;404&#8243; img_size=&#8221;full&#8221;][vc_single_image image=&#8221;406&#8243; img_link_target=&#8221;_self&#8221; img_size=&#8221;full&#8221;][\/vc_column][vc_column width=&#8221;3\/4&#8243;][vc_wp_text title=&#8221;Tahribats\u0131z muayene (Non-Destructive Testing, K\u0131saca: NDT)&#8221;]Tahribats\u0131z muayene (Non-Destructive Testing, K\u0131saca: NDT), inceleme yap\u0131lacak olan makine, malzeme, ekipman ya da par\u00e7an\u0131n b\u00fct\u00fcnl\u00fc\u011f\u00fcne&#8230;<\/p>\n","protected":false},"author":1,"featured_media":0,"parent":0,"menu_order":0,"comment_status":"closed","ping_status":"closed","template":"","meta":[],"_links":{"self":[{"href":"https:\/\/www.astandart.com\/index.php?rest_route=\/wp\/v2\/pages\/398"}],"collection":[{"href":"https:\/\/www.astandart.com\/index.php?rest_route=\/wp\/v2\/pages"}],"about":[{"href":"https:\/\/www.astandart.com\/index.php?rest_route=\/wp\/v2\/types\/page"}],"author":[{"embeddable":true,"href":"https:\/\/www.astandart.com\/index.php?rest_route=\/wp\/v2\/users\/1"}],"replies":[{"embeddable":true,"href":"https:\/\/www.astandart.com\/index.php?rest_route=%2Fwp%2Fv2%2Fcomments&post=398"}],"version-history":[{"count":7,"href":"https:\/\/www.astandart.com\/index.php?rest_route=\/wp\/v2\/pages\/398\/revisions"}],"predecessor-version":[{"id":407,"href":"https:\/\/www.astandart.com\/index.php?rest_route=\/wp\/v2\/pages\/398\/revisions\/407"}],"wp:attachment":[{"href":"https:\/\/www.astandart.com\/index.php?rest_route=%2Fwp%2Fv2%2Fmedia&parent=398"}],"curies":[{"name":"wp","href":"https:\/\/api.w.org\/{rel}","templated":true}]}}