{"id":392,"date":"2015-09-12T03:36:31","date_gmt":"2015-09-12T00:36:31","guid":{"rendered":"http:\/\/astandart.com\/?page_id=392"},"modified":"2015-09-12T03:42:02","modified_gmt":"2015-09-12T00:42:02","slug":"392-2","status":"publish","type":"page","link":"https:\/\/www.astandart.com\/?page_id=392","title":{"rendered":"Tesisat Kontrolleri"},"content":{"rendered":"<p>[vc_row][vc_column width=&#8221;1\/4&#8243;][vc_single_image image=&#8221;395&#8243; img_size=&#8221;full&#8221; img_link_target=&#8221;_self&#8221;][\/vc_column][vc_column width=&#8221;3\/4&#8243;][vc_wp_text title=&#8221;Tesisat Kontrolleri&#8221;]T\u00fcm i\u015fyerlerinde \u00e7e\u015fitli \u00fcretim s\u00fcre\u00e7leri nedeniyle gerek pnomatik gerekse hidrolik madde ta\u015f\u0131n\u0131m\u0131n\u0131 sa\u011flayan tesisatlar kullan\u0131lmaktad\u0131r.<br \/>\nKullan\u0131lan bu tesisatlar\u0131n kontrollerinin ihmalinde bir\u00e7ok durumda gerek \u00e7al\u0131\u015fan \u00fczerinde gerekse i\u015fyerlerinin \u00fcretim s\u00fcre\u00e7lerine olumsuz tesirleri olabilmektedir.<\/p>\n<p>\u00d6zellikle bas\u0131n\u00e7 alt\u0131nda y\u00fcksek \u0131s\u0131da \u00e7al\u0131\u015fan hidrolik boru tesisatlar\u0131ndaki ya\u015fanan aksakl\u0131klar ve insan sa\u011fl\u0131\u011f\u0131 a\u00e7\u0131s\u0131ndan \u00f6nem arz eden klima, havaland\u0131rma ve yang\u0131n tesisatlar\u0131n\u0131n belirli aral\u0131klar\u0131 bak\u0131mlar\u0131n\u0131n yap\u0131lmas\u0131, yetkili ki\u015fi ve kurumlarca periyodik olarak kontrol edilmeleri i\u015f sa\u011fl\u0131\u011f\u0131 ve g\u00fcvenli\u011fi uygulamalar\u0131 a\u00e7\u0131s\u0131ndan bir gereksinimdir.<br \/>\nTesisatlar\u0131n periyodik kontrol zorunlulu\u011fu; \u0130\u015f Ekipmanlar\u0131n\u0131n Kullan\u0131m\u0131nda Sa\u011fl\u0131k ve G\u00fcvenlik \u015eartlar\u0131 Y\u00f6netmeli\u011fi\u2019nin Ek-III b\u00f6l\u00fcm\u00fc 2. Periyodik Kontrole Tabi \u0130\u015f Ekipmanlar\u0131 maddesinin alt\u0131ndaki 2.3. bendinde (Tesisatlar) ve alt bentlerinde belirtilmi\u015ftir.<br \/>\nAn\u0131lan y\u00f6netmeli\u011fin ilgili k\u0131s\u0131mlar\u0131nda; \u2018\u2019\u0130lgili standartlarda aksi belirtilmedi\u011fi s\u00fcrece, tesisatlar\u0131n periyodik kontrolleri y\u0131lda bir yap\u0131l\u0131r.\u2019\u2019 denmektedir.<br \/>\nA STANDARTS , b\u00fcnyesindeki Makine M\u00fchendisi yetkin kontrol\u00f6rleri ile hassas ve kalibreli \u00f6l\u00e7\u00fcm ara\u00e7lar\u0131 vas\u0131tas\u0131yla destek sa\u011flamakta, \u0130\u015fletmenizde kullan\u0131lan t\u00fcm tesisatlar\u0131n periyodik \u00f6l\u00e7\u00fcm ve kontrollerinde Akredite Muayene Kurulu\u015fu olarak sizlere y\u00fcksek standartlarda hizmet sunarak ba\u011f\u0131ms\u0131z ve g\u00fcvenilir 3. Taraf m\u00fchendislik kontrolleri ger\u00e7ekle\u015ftirmektedir.<\/p>\n<p>A STANDARTS TARAFINDAN PER\u0130YOD\u0130K KONTROLE TAB\u0130\u0130 TUTULAN TES\u0130SAT KONTROLLER\u0130<\/p>\n<p>Bas\u0131n\u00e7l\u0131 Boru Tesisatlar\u0131<br \/>\nHavaland\u0131rma ve Klima Tesisatlar\u0131<br \/>\nYang\u0131n Tesisat\u0131 ve Hortumlar<br \/>\nMotopomplar<br \/>\nKimyevi Madde Tesisatlar\u0131<br \/>\nTablo 4- Tesisatlar\u0131n Asgari Kontrol Periyotlar\u0131 ve Kriterleri<\/p>\n<p>EK\u0130PMAN ADI KONTROL PER\u0130YODU<br \/>\n(Azami S\u00fcre)<\/p>\n<p>PER\u0130YOD\u0130K KONTROL KR\u0130TERLER\u0130<br \/>\n(\u0130lgili standartlar a\u015fa\u011f\u0131da belirtilmi\u015ftir.)<\/p>\n<p>Yang\u0131n Tesisat\u0131 ve Hortumlar, Motopomplar, Boru Tesisat\u0131 Standartlarda s\u00fcre belirtilmemi\u015fse<br \/>\n1 Y\u0131l<\/p>\n<p>Projede belirtilen kriterlere uygun olup olmad\u0131\u011f\u0131n\u0131n belirlenmesine y\u00f6nelik olarak yap\u0131l\u0131r. Ayr\u0131ca TS 9811, TS EN 671-3, TS EN 12416-1 + A2, TS EN 12416-2 + A1, TS EN 12845 + A2 standartlar\u0131nda belirtilen kriterlere uygun olarak yap\u0131l\u0131r.<br \/>\nYang\u0131n S\u00f6nd\u00fcrme cihaz\u0131 TS ISO 11602-2 standard\u0131nda belirtilen s\u00fcrelerde TS ISO 11602-2 standard\u0131nda belirtilen kriterlere uygun olarak yap\u0131l\u0131r.<br \/>\nHavaland\u0131rma ve Klima Tesisat\u0131 1 Y\u0131l Projede belirtilen kriterlere uygun olup olmad\u0131\u011f\u0131n\u0131n belirlenmesine y\u00f6nelik olarak yap\u0131l\u0131r.[\/vc_wp_text][\/vc_column][\/vc_row]<\/p>\n","protected":false},"excerpt":{"rendered":"<p>[vc_row][vc_column width=&#8221;1\/4&#8243;][vc_single_image image=&#8221;395&#8243; img_size=&#8221;full&#8221; img_link_target=&#8221;_self&#8221;][\/vc_column][vc_column width=&#8221;3\/4&#8243;][vc_wp_text title=&#8221;Tesisat Kontrolleri&#8221;]T\u00fcm i\u015fyerlerinde \u00e7e\u015fitli \u00fcretim s\u00fcre\u00e7leri nedeniyle gerek pnomatik gerekse hidrolik madde ta\u015f\u0131n\u0131m\u0131n\u0131 sa\u011flayan tesisatlar kullan\u0131lmaktad\u0131r. Kullan\u0131lan bu tesisatlar\u0131n kontrollerinin ihmalinde bir\u00e7ok durumda gerek&#8230;<\/p>\n","protected":false},"author":1,"featured_media":0,"parent":0,"menu_order":0,"comment_status":"closed","ping_status":"closed","template":"","meta":[],"_links":{"self":[{"href":"https:\/\/www.astandart.com\/index.php?rest_route=\/wp\/v2\/pages\/392"}],"collection":[{"href":"https:\/\/www.astandart.com\/index.php?rest_route=\/wp\/v2\/pages"}],"about":[{"href":"https:\/\/www.astandart.com\/index.php?rest_route=\/wp\/v2\/types\/page"}],"author":[{"embeddable":true,"href":"https:\/\/www.astandart.com\/index.php?rest_route=\/wp\/v2\/users\/1"}],"replies":[{"embeddable":true,"href":"https:\/\/www.astandart.com\/index.php?rest_route=%2Fwp%2Fv2%2Fcomments&post=392"}],"version-history":[{"count":4,"href":"https:\/\/www.astandart.com\/index.php?rest_route=\/wp\/v2\/pages\/392\/revisions"}],"predecessor-version":[{"id":397,"href":"https:\/\/www.astandart.com\/index.php?rest_route=\/wp\/v2\/pages\/392\/revisions\/397"}],"wp:attachment":[{"href":"https:\/\/www.astandart.com\/index.php?rest_route=%2Fwp%2Fv2%2Fmedia&parent=392"}],"curies":[{"name":"wp","href":"https:\/\/api.w.org\/{rel}","templated":true}]}}