{"id":387,"date":"2015-09-12T03:20:59","date_gmt":"2015-09-12T00:20:59","guid":{"rendered":"http:\/\/astandart.com\/?page_id=387"},"modified":"2015-09-12T03:28:26","modified_gmt":"2015-09-12T00:28:26","slug":"kazan-dairesi-uygunluk-kontrolleri","status":"publish","type":"page","link":"https:\/\/www.astandart.com\/?page_id=387","title":{"rendered":"Kazan Dairesi Uygunluk Kontrolleri"},"content":{"rendered":"<p>[vc_row][vc_column width=&#8221;1\/4&#8243;][vc_single_image img_link_target=&#8221;_self&#8221; image=&#8221;389&#8243; img_size=&#8221;full&#8221;][\/vc_column][vc_column width=&#8221;3\/4&#8243;][vc_wp_text title=&#8221;Kazan Dairesi Uygunluk Kontrolleri&#8221;]Kazanlar g\u00fcvenli \u015fekilde kuruldu\u011fu ve \u00e7al\u0131\u015ft\u0131r\u0131ld\u0131\u011f\u0131 zaman hayat\u0131 ve \u00fcretimi kolayla\u015ft\u0131ran; g\u00fcvenlik \u015fartlar\u0131na uyulmad\u0131\u011f\u0131 zaman ise hem ortamda \u00e7al\u0131\u015fanlara, hem i\u015fletmenin kendisine, hem de \u00e7evrede ya\u015fayanlara tehdit olu\u015fturabilen \u00e7ok tehlikeli ekipmanlard\u0131r.<\/p>\n<p>Kazan daireleri, ba\u015fta yang\u0131n tehlikesi, yak\u0131t depolama alanlar\u0131 ve patlama riskleri olmak \u00fczere bir\u00e7ok konuda ciddi riskleri bar\u0131nd\u0131ran i\u015fletmenin en \u00f6nemli mahallerinden biridir.<\/p>\n<p>Kazan dairelerinde kazan \u00fczerinde bar\u0131nd\u0131r\u0131lmas\u0131 gerekli emniyet ve g\u00fcvenlik ekipmanlar\u0131, acil durum \u00e7\u0131k\u0131\u015flar\u0131, uyar\u0131 levhalar\u0131, kazanlar aras\u0131 mesafe, duvar ile kazan aras\u0131 mesafeler, baca ba\u011flant\u0131lar\u0131n\u0131n uygunlu\u011fu , alarm cihazlar\u0131 ve kazanlar\u0131n elektrik panolar\u0131 gibi hususlar\u0131n ilgili standartlara uygun olmas\u0131n\u0131n \u00f6nemi b\u00fcy\u00fckt\u00fcr.<br \/>\nBu risklerden ka\u00e7\u0131nmak ve i\u015fletmelerin birtak\u0131m resmi i\u015flemleri i\u00e7in (ruhsat alma, do\u011falgaz ve lpg d\u00f6n\u00fc\u015f\u00fcmleri, belediyeler ve gaz da\u011f\u0131t\u0131m \u015firketleri taraf\u0131ndan istenen kazan dairesi uygunlu\u011funa dair rapor isteklerinde) kazan daireleri uygunluk kontrolleri yap\u0131lmas\u0131 zorunludur.<br \/>\nKazanlar g\u00fcvenli \u015fekilde kuruldu\u011fu ve \u00e7al\u0131\u015ft\u0131r\u0131ld\u0131\u011f\u0131 zaman hayat\u0131 ve \u00fcretimi kolayla\u015ft\u0131ran; g\u00fcvenlik \u015fartlar\u0131na uygun kurulmad\u0131\u011f\u0131 zaman ise hem ortamda \u00e7al\u0131\u015fanlara, hem i\u015fletmenin kendisine, hem de \u00e7evrede ya\u015fayanlara tehdit olu\u015fturabilen ekipmanlard\u0131r.<\/p>\n<p>A STANDARTS; e\u011fitimli ve tecr\u00fcbeli teknik personeli Binalar\u0131n Yang\u0131ndan Korunmas\u0131 Hakk\u0131nda Y\u00f6netmelik, \u0130GDA\u015e ve di\u011fer gaz kurulu\u015flar\u0131n\u0131n \u015fartnameleri, kazan daireleriyle ilgili standartlar \u00e7er\u00e7evesinde Kazan Dairesi Uygunluk Kontrolleri\u2019ni ger\u00e7ekle\u015ftirmekte ve raporland\u0131rmaktad\u0131r.<\/p>\n<p>A STANDARTS B\u00dcNYES\u0130NDE ELE ALINAN KAZAN DA\u0130RES\u0130 UYGUNLUK KONTROLLER\u0130<\/p>\n<p>Do\u011falgazl\u0131 Kazan Daireleri S\u0131v\u0131 Yak\u0131tl\u0131 Kazan Daireleri<br \/>\nKat\u0131 Yak\u0131tl\u0131 Kazan Daireleri Konut Kazan Daireleri<br \/>\n\u0130\u015fyeri Kazan Daireleri Baca Uygunluk Kontrolleri<br \/>\n[\/vc_wp_text][\/vc_column][\/vc_row]<\/p>\n","protected":false},"excerpt":{"rendered":"<p>[vc_row][vc_column width=&#8221;1\/4&#8243;][vc_single_image img_link_target=&#8221;_self&#8221; image=&#8221;389&#8243; img_size=&#8221;full&#8221;][\/vc_column][vc_column width=&#8221;3\/4&#8243;][vc_wp_text title=&#8221;Kazan Dairesi Uygunluk Kontrolleri&#8221;]Kazanlar g\u00fcvenli \u015fekilde kuruldu\u011fu ve \u00e7al\u0131\u015ft\u0131r\u0131ld\u0131\u011f\u0131 zaman hayat\u0131 ve \u00fcretimi kolayla\u015ft\u0131ran; g\u00fcvenlik \u015fartlar\u0131na uyulmad\u0131\u011f\u0131 zaman ise hem ortamda \u00e7al\u0131\u015fanlara, hem i\u015fletmenin&#8230;<\/p>\n","protected":false},"author":1,"featured_media":0,"parent":0,"menu_order":0,"comment_status":"closed","ping_status":"closed","template":"","meta":[],"_links":{"self":[{"href":"https:\/\/www.astandart.com\/index.php?rest_route=\/wp\/v2\/pages\/387"}],"collection":[{"href":"https:\/\/www.astandart.com\/index.php?rest_route=\/wp\/v2\/pages"}],"about":[{"href":"https:\/\/www.astandart.com\/index.php?rest_route=\/wp\/v2\/types\/page"}],"author":[{"embeddable":true,"href":"https:\/\/www.astandart.com\/index.php?rest_route=\/wp\/v2\/users\/1"}],"replies":[{"embeddable":true,"href":"https:\/\/www.astandart.com\/index.php?rest_route=%2Fwp%2Fv2%2Fcomments&post=387"}],"version-history":[{"count":3,"href":"https:\/\/www.astandart.com\/index.php?rest_route=\/wp\/v2\/pages\/387\/revisions"}],"predecessor-version":[{"id":391,"href":"https:\/\/www.astandart.com\/index.php?rest_route=\/wp\/v2\/pages\/387\/revisions\/391"}],"wp:attachment":[{"href":"https:\/\/www.astandart.com\/index.php?rest_route=%2Fwp%2Fv2%2Fmedia&parent=387"}],"curies":[{"name":"wp","href":"https:\/\/api.w.org\/{rel}","templated":true}]}}