{"id":379,"date":"2015-09-12T02:24:13","date_gmt":"2015-09-11T23:24:13","guid":{"rendered":"http:\/\/astandart.com\/?page_id=379"},"modified":"2015-09-12T03:11:11","modified_gmt":"2015-09-12T00:11:11","slug":"is-makinalarinin-periyodik-kontrolu","status":"publish","type":"page","link":"https:\/\/www.astandart.com\/?page_id=379","title":{"rendered":"\u0130\u015f Makinalar\u0131n\u0131n Periyodik Kontrol\u00fc"},"content":{"rendered":"<p>[vc_row][vc_column width=&#8221;1\/4&#8243;][vc_single_image image=&#8221;383&#8243; img_link_target=&#8221;_self&#8221; img_size=&#8221;full&#8221;][\/vc_column][vc_column width=&#8221;3\/4&#8243;][vc_wp_text title=&#8221;\u0130\u015f Makinalar\u0131n\u0131n Periyodik Kontrol\u00fc&#8221;]\u0130\u015f Makineleri, yol in\u015faat\u0131 ile tar\u0131m, sanayi, bay\u0131nd\u0131rl\u0131k, milli savunma hizmetlerinde kullan\u0131lan; i\u015f amac\u0131na g\u00f6re \u00fczerlerine \u00e7e\u015fitli ekipmanlar monte edilmi\u015f; karayolunda insan, hayvan, y\u00fck ta\u015f\u0131mas\u0131nda kullan\u0131lamayan motorlu ara\u00e7lard\u0131r.<\/p>\n<p>\u0130\u015f Makineleri, \u201cMakine Emniyeti Y\u00f6netmeli\u011fi (2006\/42\/AT)\u201d ile \u201c\u0130\u015f Ekipmanlar\u0131n\u0131n Kullan\u0131m\u0131nda Sa\u011fl\u0131k ve G\u00fcvenlik \u015eartlar\u0131 Y\u00f6netmeli\u011fi\u201d kapsam\u0131nda de\u011ferlendirilmekte ve yine i\u015f g\u00fcvenli\u011fi kapsam\u0131nda periyodik kontrollerinin yap\u0131lmas\u0131 zorunlu olan makineler olarak ele al\u0131nmaktad\u0131r.<\/p>\n<p>Karayolunda kullan\u0131lmad\u0131\u011f\u0131ndan dolay\u0131 karayolu trafik muayenesi kapsam\u0131nda yer almayan i\u015f makinelerinin i\u015f g\u00fcvenli\u011fi a\u00e7\u0131s\u0131ndan periyodik olarak kontrol edilmeleri i\u015f kazalar\u0131n\u0131n \u00f6nlenmesinde \u00f6nemli rol oynamaktad\u0131r.<\/p>\n<p>A STANDARTS , \u0130\u015f Makinalar\u0131 kontrollerini \u0130\u015f Ekipmanlar\u0131n\u0131n Kullan\u0131m\u0131nda Sa\u011fl\u0131k ve G\u00fcvenlik \u015eartlar\u0131 Y\u00f6netmeli\u011fi ile TS EN 474-1+A1 standartlar\u0131nda belirtilen \u015fartlara uygunluk de\u011ferlendirmesi olarak ger\u00e7ekle\u015ftirmektedir.<\/p>\n<p>A STANDARTS , b\u00fcnyesindeki Makine M\u00fchendisi yetkin kontrol\u00f6rleri ile hassas ve kalibreli \u00f6l\u00e7\u00fcm ara\u00e7lar\u0131 vas\u0131tas\u0131yla i\u015fyerinizdeki \u0130\u015f Makinelerinin periyodik kontrol ve testlerinde Akredite Muayene Kurulu\u015fu olarak sizlere y\u00fcksek standartlarda hizmet sunarak ba\u011f\u0131ms\u0131z tarafs\u0131z ve g\u00fcvenilir 3. Taraf m\u00fchendislik kontrolleri ger\u00e7ekle\u015ftirmektedir.<\/p>\n<p>A STANDARTS TARAFINDAN PER\u0130YOD\u0130K KONTROLE TAB\u0130\u0130 TUTULAN \u0130\u015e MAK\u0130NELER\u0130 VE EK\u0130PMANLARI<\/p>\n<p>\u00c7ekici, \u00c7ekici Dozer<br \/>\nKaz\u0131c\u0131, Kaz\u0131c\u0131 Y\u00fckleyici<br \/>\nSkreyper, Greyder<br \/>\nSilindir, Beton Pompas\u0131<br \/>\nFore Kaz\u0131k, Ekskavat\u00f6r<br \/>\nK\u0131r\u0131c\u0131, Delici<br \/>\nFinisher, Sondaj<br \/>\nAra\u00e7 \u00dcst\u00fc Kompres\u00f6r[\/vc_wp_text][\/vc_column][\/vc_row]<\/p>\n","protected":false},"excerpt":{"rendered":"<p>[vc_row][vc_column width=&#8221;1\/4&#8243;][vc_single_image image=&#8221;383&#8243; img_link_target=&#8221;_self&#8221; img_size=&#8221;full&#8221;][\/vc_column][vc_column width=&#8221;3\/4&#8243;][vc_wp_text title=&#8221;\u0130\u015f Makinalar\u0131n\u0131n Periyodik Kontrol\u00fc&#8221;]\u0130\u015f Makineleri, yol in\u015faat\u0131 ile tar\u0131m, sanayi, bay\u0131nd\u0131rl\u0131k, milli savunma hizmetlerinde kullan\u0131lan; i\u015f amac\u0131na g\u00f6re \u00fczerlerine \u00e7e\u015fitli ekipmanlar monte edilmi\u015f; karayolunda&#8230;<\/p>\n","protected":false},"author":1,"featured_media":0,"parent":0,"menu_order":0,"comment_status":"closed","ping_status":"closed","template":"","meta":[],"_links":{"self":[{"href":"https:\/\/www.astandart.com\/index.php?rest_route=\/wp\/v2\/pages\/379"}],"collection":[{"href":"https:\/\/www.astandart.com\/index.php?rest_route=\/wp\/v2\/pages"}],"about":[{"href":"https:\/\/www.astandart.com\/index.php?rest_route=\/wp\/v2\/types\/page"}],"author":[{"embeddable":true,"href":"https:\/\/www.astandart.com\/index.php?rest_route=\/wp\/v2\/users\/1"}],"replies":[{"embeddable":true,"href":"https:\/\/www.astandart.com\/index.php?rest_route=%2Fwp%2Fv2%2Fcomments&post=379"}],"version-history":[{"count":6,"href":"https:\/\/www.astandart.com\/index.php?rest_route=\/wp\/v2\/pages\/379\/revisions"}],"predecessor-version":[{"id":386,"href":"https:\/\/www.astandart.com\/index.php?rest_route=\/wp\/v2\/pages\/379\/revisions\/386"}],"wp:attachment":[{"href":"https:\/\/www.astandart.com\/index.php?rest_route=%2Fwp%2Fv2%2Fmedia&parent=379"}],"curies":[{"name":"wp","href":"https:\/\/api.w.org\/{rel}","templated":true}]}}