{"id":373,"date":"2015-09-12T02:10:38","date_gmt":"2015-09-11T23:10:38","guid":{"rendered":"http:\/\/astandart.com\/?page_id=373"},"modified":"2015-09-12T02:14:15","modified_gmt":"2015-09-11T23:14:15","slug":"kara-tankeri-tanklari","status":"publish","type":"page","link":"https:\/\/www.astandart.com\/?page_id=373","title":{"rendered":"Kara Tankeri Tanklar\u0131"},"content":{"rendered":"<p>[vc_row][vc_column width=&#8221;1\/4&#8243;][vc_single_image image=&#8221;374&#8243; img_link_target=&#8221;_self&#8221; img_size=&#8221;full&#8221;][\/vc_column][vc_column width=&#8221;3\/4&#8243;][vc_wp_text]<\/p>\n<p>Kara Tankeri Tanklar\u0131 (Mazot, S\u0131v\u0131 Kau\u00e7uk, Silobaz vb.) Periyodik kontrol ve muayeneleri ilgili standartlarda belirtilen kriterlere g\u00f6re konusunda uzman makine m\u00fchendislerimiz taraf\u0131ndan y\u0131lda bir yap\u0131l\u0131r.<\/p>\n<p>[\/vc_wp_text][vc_wp_custommenu nav_menu=&#8221;4&#8243; title=&#8221;Bas\u0131n\u00e7l\u0131 Kaplar&#8221;][\/vc_column][\/vc_row]<\/p>\n","protected":false},"excerpt":{"rendered":"<p>[vc_row][vc_column width=&#8221;1\/4&#8243;][vc_single_image image=&#8221;374&#8243; img_link_target=&#8221;_self&#8221; img_size=&#8221;full&#8221;][\/vc_column][vc_column width=&#8221;3\/4&#8243;][vc_wp_text] Kara Tankeri Tanklar\u0131 (Mazot, S\u0131v\u0131 Kau\u00e7uk, Silobaz vb.) Periyodik kontrol ve muayeneleri ilgili standartlarda belirtilen kriterlere g\u00f6re konusunda uzman makine m\u00fchendislerimiz taraf\u0131ndan y\u0131lda bir&#8230;<\/p>\n","protected":false},"author":1,"featured_media":0,"parent":239,"menu_order":0,"comment_status":"closed","ping_status":"closed","template":"","meta":[],"_links":{"self":[{"href":"https:\/\/www.astandart.com\/index.php?rest_route=\/wp\/v2\/pages\/373"}],"collection":[{"href":"https:\/\/www.astandart.com\/index.php?rest_route=\/wp\/v2\/pages"}],"about":[{"href":"https:\/\/www.astandart.com\/index.php?rest_route=\/wp\/v2\/types\/page"}],"author":[{"embeddable":true,"href":"https:\/\/www.astandart.com\/index.php?rest_route=\/wp\/v2\/users\/1"}],"replies":[{"embeddable":true,"href":"https:\/\/www.astandart.com\/index.php?rest_route=%2Fwp%2Fv2%2Fcomments&post=373"}],"version-history":[{"count":2,"href":"https:\/\/www.astandart.com\/index.php?rest_route=\/wp\/v2\/pages\/373\/revisions"}],"predecessor-version":[{"id":376,"href":"https:\/\/www.astandart.com\/index.php?rest_route=\/wp\/v2\/pages\/373\/revisions\/376"}],"up":[{"embeddable":true,"href":"https:\/\/www.astandart.com\/index.php?rest_route=\/wp\/v2\/pages\/239"}],"wp:attachment":[{"href":"https:\/\/www.astandart.com\/index.php?rest_route=%2Fwp%2Fv2%2Fmedia&parent=373"}],"curies":[{"name":"wp","href":"https:\/\/api.w.org\/{rel}","templated":true}]}}