{"id":353,"date":"2015-09-12T00:45:20","date_gmt":"2015-09-11T21:45:20","guid":{"rendered":"http:\/\/astandart.com\/?page_id=353"},"modified":"2015-09-12T00:45:42","modified_gmt":"2015-09-11T21:45:42","slug":"sanayi-gazlari-depolama-tanklari","status":"publish","type":"page","link":"https:\/\/www.astandart.com\/?page_id=353","title":{"rendered":"Sanayi Gazlar\u0131 Depolama Tanklar\u0131"},"content":{"rendered":"<p>[vc_row][vc_column width=&#8221;1\/4&#8243;][vc_single_image image=&#8221;354&#8243; img_size=&#8221;full&#8221; img_link_target=&#8221;_self&#8221;][\/vc_column][vc_column width=&#8221;3\/4&#8243;][vc_wp_text title=&#8221;Sanayi Gazlar\u0131 (LPG, Azot, Hidrojen vb.) Depolama Tanklar\u0131 Periyodik Kontrolleri&#8221;]<\/p>\n<p>\u0130\u015f Ekipmanlar\u0131n\u0131n Kullan\u0131m\u0131nda Sa\u011fl\u0131k ve G\u00fcvenlik \u015eartlar\u0131 Y\u00f6netmeli\u011fi\u2019ne g\u00f6re standartlarda aksi belirtilmedi\u011fi s\u00fcrece Sanayi Gazlar\u0131 Depolama Tanklar\u0131n\u0131n (LPG, Azot, Hidrojen vb.) Periyodik kontrol ve muayeneleri ilgili standartlarda belirtilen kriterlere g\u00f6re konusunda uzman makine m\u00fchendislerimiz taraf\u0131ndan y\u0131lda bir yap\u0131l\u0131r.<\/p>\n<p>[\/vc_wp_text][vc_wp_custommenu nav_menu=&#8221;4&#8243; title=&#8221;Bas\u0131n\u00e7l\u0131 Kaplar&#8221;][\/vc_column][\/vc_row]<\/p>\n","protected":false},"excerpt":{"rendered":"<p>[vc_row][vc_column width=&#8221;1\/4&#8243;][vc_single_image image=&#8221;354&#8243; img_size=&#8221;full&#8221; img_link_target=&#8221;_self&#8221;][\/vc_column][vc_column width=&#8221;3\/4&#8243;][vc_wp_text title=&#8221;Sanayi Gazlar\u0131 (LPG, Azot, Hidrojen vb.) Depolama Tanklar\u0131 Periyodik Kontrolleri&#8221;] \u0130\u015f Ekipmanlar\u0131n\u0131n Kullan\u0131m\u0131nda Sa\u011fl\u0131k ve G\u00fcvenlik \u015eartlar\u0131 Y\u00f6netmeli\u011fi\u2019ne g\u00f6re standartlarda aksi belirtilmedi\u011fi s\u00fcrece Sanayi&#8230;<\/p>\n","protected":false},"author":1,"featured_media":0,"parent":239,"menu_order":0,"comment_status":"closed","ping_status":"closed","template":"","meta":[],"_links":{"self":[{"href":"https:\/\/www.astandart.com\/index.php?rest_route=\/wp\/v2\/pages\/353"}],"collection":[{"href":"https:\/\/www.astandart.com\/index.php?rest_route=\/wp\/v2\/pages"}],"about":[{"href":"https:\/\/www.astandart.com\/index.php?rest_route=\/wp\/v2\/types\/page"}],"author":[{"embeddable":true,"href":"https:\/\/www.astandart.com\/index.php?rest_route=\/wp\/v2\/users\/1"}],"replies":[{"embeddable":true,"href":"https:\/\/www.astandart.com\/index.php?rest_route=%2Fwp%2Fv2%2Fcomments&post=353"}],"version-history":[{"count":1,"href":"https:\/\/www.astandart.com\/index.php?rest_route=\/wp\/v2\/pages\/353\/revisions"}],"predecessor-version":[{"id":355,"href":"https:\/\/www.astandart.com\/index.php?rest_route=\/wp\/v2\/pages\/353\/revisions\/355"}],"up":[{"embeddable":true,"href":"https:\/\/www.astandart.com\/index.php?rest_route=\/wp\/v2\/pages\/239"}],"wp:attachment":[{"href":"https:\/\/www.astandart.com\/index.php?rest_route=%2Fwp%2Fv2%2Fmedia&parent=353"}],"curies":[{"name":"wp","href":"https:\/\/api.w.org\/{rel}","templated":true}]}}