{"id":329,"date":"2015-09-11T19:48:35","date_gmt":"2015-09-11T16:48:35","guid":{"rendered":"http:\/\/astandart.com\/?page_id=329"},"modified":"2015-09-11T19:55:46","modified_gmt":"2015-09-11T16:55:46","slug":"hava-tanki","status":"publish","type":"page","link":"https:\/\/www.astandart.com\/?page_id=329","title":{"rendered":"Kompres\u00f6r"},"content":{"rendered":"<p>[vc_row][vc_column width=&#8221;1\/4&#8243;][vc_single_image img_link_target=&#8221;_self&#8221; img_size=&#8221;full&#8221; image=&#8221;333&#8243;][\/vc_column][vc_column width=&#8221;3\/4&#8243;][vc_wp_text title=&#8221;Kompres\u00f6r Periyodik Kontrol\u00fc&#8221;]Kompres\u00f6r kelimesinin ingilizce kar\u015f\u0131l\u0131\u011f\u0131 \u201ccompressor\u201d olarak ge\u00e7mektedir ve \u201cs\u0131k\u0131\u015ft\u0131rmak\u201d anlam\u0131na gelmektedir. Yabanc\u0131 bir kelime olmas\u0131na kar\u015f\u0131l\u0131k, T\u00fck\u00e7e\u2019de zamanla kompres\u00f6r olarak yerle\u015fmi\u015ftir. Yani sonu\u00e7 olarak hava kompres\u00f6r\u00fc hava s\u0131k\u0131\u015ft\u0131r\u0131c\u0131 anlam\u0131na gelmektedir.<\/p>\n<p>Kompres\u00f6rler mekanik enerjiyi bas\u0131n\u00e7 enerjisine d\u00f6n\u00fc\u015ft\u00fcr\u00fcrler. Y\u00fcksek bas\u0131n\u00e7la \u00e7al\u0131\u015fan bu cihazlar i\u015f\u00e7i sa\u011fl\u0131\u011f\u0131 ve g\u00fcvenli\u011fi a\u00e7\u0131s\u0131ndan gerekli kontrolleri yap\u0131lmad\u0131\u011f\u0131 takdirde \u00f6l\u00fcmc\u00fcl kazalara sebebiyet vermektedir.<\/p>\n<p>\u0130\u015f Ekipmanlar\u0131n\u0131n Kullan\u0131m\u0131nda Sa\u011fl\u0131k Ve G\u00fcvenlik \u015eartlar\u0131 Y\u00f6netmeli\u011fi\u2019ne g\u00f6re bas\u0131n\u00e7l\u0131 kaplarda temel prensip olarak hidrostatik test yap\u0131lmas\u0131 esast\u0131r. Hava tank\u0131 bas\u0131n\u00e7 testi, standartlarda aksi belirtilmedi\u011fi s\u00fcrece i\u015fletme bas\u0131nc\u0131n\u0131n 1,5 kat\u0131 ile ve bir y\u0131l\u0131 a\u015fmayan s\u00fcrelerle yap\u0131l\u0131r. Ancak i\u015f ekipman\u0131n\u0131n \u00f6zelli\u011fi ve i\u015fletmeden kaynaklanan zorunlu \u015fartlar gere\u011fince hidrostatik test yapma imk\u00e2n\u0131 olmayan bas\u0131n\u00e7l\u0131 kaplarda hidrostatik test yerine standartlarda belirtilen tahribats\u0131z muayene y\u00f6ntemleri de uygulanabilir. Bu durumda, d\u00fczenlenecek periyodik kontrol raporlar\u0131nda bu husus gerek\u00e7esi ile birlikte belirtilir.<\/p>\n<p>Hava tank\u0131 periyodik kontrolleri(kompres\u00f6r periyodik kontrolleri) yapmaya yetkili ki\u015filer taraf\u0131ndan yap\u0131lacak kontroller sonucunda hava tank\u0131 periyodik kontrol raporu d\u00fczenlenir. D\u00fczenlenen belgeler, i\u015f ekipman\u0131n\u0131n kullan\u0131ld\u0131\u011f\u0131 s\u00fcrece saklan\u0131r.[\/vc_wp_text][vc_wp_custommenu nav_menu=&#8221;4&#8243; title=&#8221;Bas\u0131n\u00e7l\u0131 Kaplar&#8221;][\/vc_column][\/vc_row]<\/p>\n","protected":false},"excerpt":{"rendered":"<p>[vc_row][vc_column width=&#8221;1\/4&#8243;][vc_single_image img_link_target=&#8221;_self&#8221; img_size=&#8221;full&#8221; image=&#8221;333&#8243;][\/vc_column][vc_column width=&#8221;3\/4&#8243;][vc_wp_text title=&#8221;Kompres\u00f6r Periyodik Kontrol\u00fc&#8221;]Kompres\u00f6r kelimesinin ingilizce kar\u015f\u0131l\u0131\u011f\u0131 \u201ccompressor\u201d olarak ge\u00e7mektedir ve \u201cs\u0131k\u0131\u015ft\u0131rmak\u201d anlam\u0131na gelmektedir. Yabanc\u0131 bir kelime olmas\u0131na kar\u015f\u0131l\u0131k, T\u00fck\u00e7e\u2019de zamanla kompres\u00f6r olarak yerle\u015fmi\u015ftir. Yani&#8230;<\/p>\n","protected":false},"author":1,"featured_media":0,"parent":239,"menu_order":0,"comment_status":"closed","ping_status":"closed","template":"","meta":[],"_links":{"self":[{"href":"https:\/\/www.astandart.com\/index.php?rest_route=\/wp\/v2\/pages\/329"}],"collection":[{"href":"https:\/\/www.astandart.com\/index.php?rest_route=\/wp\/v2\/pages"}],"about":[{"href":"https:\/\/www.astandart.com\/index.php?rest_route=\/wp\/v2\/types\/page"}],"author":[{"embeddable":true,"href":"https:\/\/www.astandart.com\/index.php?rest_route=\/wp\/v2\/users\/1"}],"replies":[{"embeddable":true,"href":"https:\/\/www.astandart.com\/index.php?rest_route=%2Fwp%2Fv2%2Fcomments&post=329"}],"version-history":[{"count":5,"href":"https:\/\/www.astandart.com\/index.php?rest_route=\/wp\/v2\/pages\/329\/revisions"}],"predecessor-version":[{"id":337,"href":"https:\/\/www.astandart.com\/index.php?rest_route=\/wp\/v2\/pages\/329\/revisions\/337"}],"up":[{"embeddable":true,"href":"https:\/\/www.astandart.com\/index.php?rest_route=\/wp\/v2\/pages\/239"}],"wp:attachment":[{"href":"https:\/\/www.astandart.com\/index.php?rest_route=%2Fwp%2Fv2%2Fmedia&parent=329"}],"curies":[{"name":"wp","href":"https:\/\/api.w.org\/{rel}","templated":true}]}}