{"id":308,"date":"2015-09-11T19:10:18","date_gmt":"2015-09-11T16:10:18","guid":{"rendered":"http:\/\/astandart.com\/?page_id=308"},"modified":"2015-09-11T19:13:39","modified_gmt":"2015-09-11T16:13:39","slug":"hidrofor-tanki","status":"publish","type":"page","link":"https:\/\/www.astandart.com\/?page_id=308","title":{"rendered":"Hidrofor Tank\u0131"},"content":{"rendered":"<p>[vc_row][vc_column width=&#8221;1\/4&#8243;][vc_single_image image=&#8221;310&#8243; img_size=&#8221;full&#8221; img_link_target=&#8221;_self&#8221;][\/vc_column][vc_column width=&#8221;3\/4&#8243;][vc_wp_text title=&#8221;Hidrofor Tank\u0131 Periyodik Kontrol\u00fc&#8221;]Hidrofor sistemlerinde pompalar\u0131n devreye giri\u015f say\u0131s\u0131n\u0131 azaltmak, tesisatta olu\u015facak bas\u0131n\u00e7 \u015foklar\u0131n\u0131 \u00f6nlemek ve kullan\u0131ma haz\u0131r bas\u0131n\u00e7l\u0131 su depolamak amac\u0131 ile kullan\u0131lan bas\u0131n\u00e7l\u0131 kaplara hidrofor denge tank\u0131 ad\u0131 verilmektedir.<\/p>\n<p>Se\u00e7ilecek hidrofor denge tank\u0131n\u0131n kullan\u0131labilir hacmi ve bas\u0131n\u00e7 s\u0131n\u0131f\u0131, birlikte kullan\u0131laca\u011f\u0131 hidroforun \u00f6zelliklerine ve uygulama \u015fartlar\u0131na ba\u011fl\u0131d\u0131r. Ancak hacim belirlenirken \u00f6ncelikle motorlar\u0131n \u015falt say\u0131s\u0131 g\u00f6z \u00f6n\u00fcne al\u0131nmal\u0131d\u0131r.<\/p>\n<p>\u0130\u015f Ekipmanlar\u0131n\u0131n Kullan\u0131m\u0131nda Sa\u011fl\u0131k Ve G\u00fcvenlik \u015eartlar\u0131 Y\u00f6netmeli\u011fi\u2019ne g\u00f6re bas\u0131n\u00e7l\u0131 kaplarda temel prensip olarak hidrostatik test yap\u0131lmas\u0131 esast\u0131r. Bu testler, standartlarda aksi belirtilmedi\u011fi s\u00fcrece i\u015fletme bas\u0131nc\u0131n\u0131n 1,5 kat\u0131 ile ve bir y\u0131l\u0131 a\u015fmayan s\u00fcrelerle yap\u0131l\u0131r. Ancak i\u015f ekipman\u0131n\u0131n \u00f6zelli\u011fi ve i\u015fletmeden kaynaklanan zorunlu \u015fartlar gere\u011fince hidrostatik test yapma imk\u00e2n\u0131 olmayan bas\u0131n\u00e7l\u0131 kaplarda hidrostatik test yerine standartlarda belirtilen tahribats\u0131z muayene y\u00f6ntemleri de uygulanabilir. Bu durumda, d\u00fczenlenecek periyodik kontrol raporlar\u0131nda bu husus gerek\u00e7esi ile birlikte belirtilir[\/vc_wp_text][vc_wp_custommenu nav_menu=&#8221;4&#8243; title=&#8221;Bas\u0131n\u00e7l\u0131 Kaplar&#8221;][\/vc_column][\/vc_row]<\/p>\n","protected":false},"excerpt":{"rendered":"<p>[vc_row][vc_column width=&#8221;1\/4&#8243;][vc_single_image image=&#8221;310&#8243; img_size=&#8221;full&#8221; img_link_target=&#8221;_self&#8221;][\/vc_column][vc_column width=&#8221;3\/4&#8243;][vc_wp_text title=&#8221;Hidrofor Tank\u0131 Periyodik Kontrol\u00fc&#8221;]Hidrofor sistemlerinde pompalar\u0131n devreye giri\u015f say\u0131s\u0131n\u0131 azaltmak, tesisatta olu\u015facak bas\u0131n\u00e7 \u015foklar\u0131n\u0131 \u00f6nlemek ve kullan\u0131ma haz\u0131r bas\u0131n\u00e7l\u0131 su depolamak amac\u0131 ile kullan\u0131lan&#8230;<\/p>\n","protected":false},"author":1,"featured_media":0,"parent":239,"menu_order":0,"comment_status":"closed","ping_status":"closed","template":"","meta":[],"_links":{"self":[{"href":"https:\/\/www.astandart.com\/index.php?rest_route=\/wp\/v2\/pages\/308"}],"collection":[{"href":"https:\/\/www.astandart.com\/index.php?rest_route=\/wp\/v2\/pages"}],"about":[{"href":"https:\/\/www.astandart.com\/index.php?rest_route=\/wp\/v2\/types\/page"}],"author":[{"embeddable":true,"href":"https:\/\/www.astandart.com\/index.php?rest_route=\/wp\/v2\/users\/1"}],"replies":[{"embeddable":true,"href":"https:\/\/www.astandart.com\/index.php?rest_route=%2Fwp%2Fv2%2Fcomments&post=308"}],"version-history":[{"count":2,"href":"https:\/\/www.astandart.com\/index.php?rest_route=\/wp\/v2\/pages\/308\/revisions"}],"predecessor-version":[{"id":311,"href":"https:\/\/www.astandart.com\/index.php?rest_route=\/wp\/v2\/pages\/308\/revisions\/311"}],"up":[{"embeddable":true,"href":"https:\/\/www.astandart.com\/index.php?rest_route=\/wp\/v2\/pages\/239"}],"wp:attachment":[{"href":"https:\/\/www.astandart.com\/index.php?rest_route=%2Fwp%2Fv2%2Fmedia&parent=308"}],"curies":[{"name":"wp","href":"https:\/\/api.w.org\/{rel}","templated":true}]}}