{"id":301,"date":"2015-09-11T19:03:05","date_gmt":"2015-09-11T16:03:05","guid":{"rendered":"http:\/\/astandart.com\/?page_id=301"},"modified":"2015-09-11T19:06:45","modified_gmt":"2015-09-11T16:06:45","slug":"genlesme-tanki","status":"publish","type":"page","link":"https:\/\/www.astandart.com\/?page_id=301","title":{"rendered":"Genle\u015fme Tank\u0131"},"content":{"rendered":"<p>[vc_row][vc_column width=&#8221;1\/4&#8243;][vc_single_image image=&#8221;303&#8243; img_link_target=&#8221;_self&#8221; img_size=&#8221;full&#8221;][\/vc_column][vc_column width=&#8221;3\/4&#8243;][vc_wp_text title=&#8221;Genle\u015fme Tank\u0131 periyodik kontrol\u00fc&#8221;]\u00d6zellikle \u0131s\u0131tma sistemlerinde \u0131s\u0131n\u0131n sisteme g\u00f6nderilmesi i\u00e7in bas\u0131n\u00e7 \u00f6nemli bir konudur. Elde edilen bas\u0131n\u00e7 sayesinde sistemin d\u00fczg\u00fcn \u015fekilde \u00e7al\u0131\u015fmas\u0131 sa\u011flan\u0131r. Genellikle bu sistemlerde kullan\u0131lan s\u0131v\u0131 sudur. Su \u0131s\u0131nd\u0131k\u00e7a genle\u015fen bir maddedir. Bu nedenle sistemin zarar g\u00f6rmemesi i\u00e7in genle\u015fme tanklar\u0131 kullan\u0131lmas\u0131 gerekmektedir.<br \/>\n\u0130\u015f Ekipmanlar\u0131n\u0131n Kullan\u0131m\u0131nda Sa\u011fl\u0131k Ve G\u00fcvenlik \u015eartlar\u0131 Y\u00f6netmeli\u011fi\u2019ne g\u00f6re bas\u0131n\u00e7l\u0131 kaplarda temel prensip olarak hidrostatik test yap\u0131lmas\u0131 esast\u0131r. Bu testler, standartlarda aksi belirtilmedi\u011fi s\u00fcrece i\u015fletme bas\u0131nc\u0131n\u0131n 1,5 kat\u0131 ile ve bir y\u0131l\u0131 a\u015fmayan s\u00fcrelerle yap\u0131l\u0131r. Ancak i\u015f ekipman\u0131n\u0131n \u00f6zelli\u011fi ve i\u015fletmeden kaynaklanan zorunlu \u015fartlar gere\u011fince hidrostatik test yapma imk\u00e2n\u0131 olmayan bas\u0131n\u00e7l\u0131 kaplarda hidrostatik test yerine standartlarda belirtilen tahribats\u0131z muayene y\u00f6ntemleri de uygulanabilir. Bu durumda, d\u00fczenlenecek periyodik kontrol raporlar\u0131nda bu husus gerek\u00e7esi ile birlikte belirtilir.[\/vc_wp_text][vc_wp_custommenu nav_menu=&#8221;4&#8243; title=&#8221;Bas\u0131n\u00e7l\u0131 Kaplar&#8221;][\/vc_column][\/vc_row]<\/p>\n","protected":false},"excerpt":{"rendered":"<p>[vc_row][vc_column width=&#8221;1\/4&#8243;][vc_single_image image=&#8221;303&#8243; img_link_target=&#8221;_self&#8221; img_size=&#8221;full&#8221;][\/vc_column][vc_column width=&#8221;3\/4&#8243;][vc_wp_text title=&#8221;Genle\u015fme Tank\u0131 periyodik kontrol\u00fc&#8221;]\u00d6zellikle \u0131s\u0131tma sistemlerinde \u0131s\u0131n\u0131n sisteme g\u00f6nderilmesi i\u00e7in bas\u0131n\u00e7 \u00f6nemli bir konudur. Elde edilen bas\u0131n\u00e7 sayesinde sistemin d\u00fczg\u00fcn \u015fekilde \u00e7al\u0131\u015fmas\u0131 sa\u011flan\u0131r. Genellikle&#8230;<\/p>\n","protected":false},"author":1,"featured_media":0,"parent":239,"menu_order":0,"comment_status":"closed","ping_status":"closed","template":"","meta":[],"_links":{"self":[{"href":"https:\/\/www.astandart.com\/index.php?rest_route=\/wp\/v2\/pages\/301"}],"collection":[{"href":"https:\/\/www.astandart.com\/index.php?rest_route=\/wp\/v2\/pages"}],"about":[{"href":"https:\/\/www.astandart.com\/index.php?rest_route=\/wp\/v2\/types\/page"}],"author":[{"embeddable":true,"href":"https:\/\/www.astandart.com\/index.php?rest_route=\/wp\/v2\/users\/1"}],"replies":[{"embeddable":true,"href":"https:\/\/www.astandart.com\/index.php?rest_route=%2Fwp%2Fv2%2Fcomments&post=301"}],"version-history":[{"count":2,"href":"https:\/\/www.astandart.com\/index.php?rest_route=\/wp\/v2\/pages\/301\/revisions"}],"predecessor-version":[{"id":307,"href":"https:\/\/www.astandart.com\/index.php?rest_route=\/wp\/v2\/pages\/301\/revisions\/307"}],"up":[{"embeddable":true,"href":"https:\/\/www.astandart.com\/index.php?rest_route=\/wp\/v2\/pages\/239"}],"wp:attachment":[{"href":"https:\/\/www.astandart.com\/index.php?rest_route=%2Fwp%2Fv2%2Fmedia&parent=301"}],"curies":[{"name":"wp","href":"https:\/\/api.w.org\/{rel}","templated":true}]}}