{"id":268,"date":"2015-09-11T11:19:08","date_gmt":"2015-09-11T08:19:08","guid":{"rendered":"http:\/\/astandart.com\/?page_id=268"},"modified":"2015-09-11T11:25:53","modified_gmt":"2015-09-11T08:25:53","slug":"kalorifer-kazani","status":"publish","type":"page","link":"https:\/\/www.astandart.com\/?page_id=268","title":{"rendered":"Kalorifer Kazan\u0131"},"content":{"rendered":"<p>[vc_row][vc_column width=&#8221;1\/4&#8243;][vc_single_image image=&#8221;273&#8243; img_size=&#8221;full&#8221; img_link_target=&#8221;_self&#8221;][\/vc_column][vc_column width=&#8221;3\/4&#8243;][vc_wp_text title=&#8221;Kalorifer Kazan\u0131 Periyodik Kontrol\u00fc&#8221;]Genellikle \u0131s\u0131tma ama\u00e7l\u0131 olarak kullan\u0131l\u0131r. Is\u0131tma ama\u00e7l\u0131 kullan\u0131m oldu\u011fundan uygulama alanlar\u0131 olduk\u00e7a geni\u015ftir. Her kazan bir konstr\u00fcksiyon ve i\u015fletme bas\u0131nc\u0131 vard\u0131r.<\/p>\n<p>Bir kazan\u0131n i\u015fletme bas\u0131nc\u0131, o kazan\u0131n \u00e7al\u0131\u015faca\u011f\u0131 bas\u0131n\u00e7t\u0131r. Konstr\u00fcksiyon bas\u0131nc\u0131 ise i\u015fletme bas\u0131nc\u0131n\u0131n yakla\u015f\u0131k %10 daha \u00fcst\u00fc olup, kazan mukavemet hesaplar\u0131nda esas al\u0131nan bas\u0131n\u00e7t\u0131r. S\u0131cak su kazanlar\u0131nda \u0131s\u0131tma y\u00fczeyi tek kazanda 300 m2 mertebesine kadar \u00e7\u0131kabilmektedir.<\/p>\n<p>\u0130\u015f Ekipmanlar\u0131n\u0131n Kullan\u0131m\u0131nda Sa\u011fl\u0131k Ve G\u00fcvenlik \u015eartlar\u0131 Y\u00f6netmeli\u011fi\u2019ne g\u00f6re kalorifer kazan\u0131 testi temel prensip hidrostatik olarak test yap\u0131lmas\u0131 gerekir. Kazan testi, standartlarda aksi belirtilmedi\u011fi s\u00fcrece i\u015fletme bas\u0131nc\u0131n\u0131n 1,5 kat\u0131 ile ve bir y\u0131l\u0131 a\u015fmayan s\u00fcrelerle yap\u0131l\u0131r. Ancak i\u015f ekipman\u0131n\u0131n \u00f6zelli\u011fi ve i\u015fletmeden kaynaklanan zorunlu \u015fartlar gere\u011fince hidrostatik test yapma imk\u00e2n\u0131 olmayan bas\u0131n\u00e7l\u0131 kaplarda hidrostatik test yerine standartlarda belirtilen tahribats\u0131z muayene y\u00f6ntemleri de uygulanabilir. Bu durumda, d\u00fczenlenecek periyodik kontrol raporlar\u0131nda bu husus gerek\u00e7esi ile birlikte belirtilir.[\/vc_wp_text][vc_wp_custommenu nav_menu=&#8221;4&#8243; title=&#8221;Bas\u0131n\u00e7l\u0131 Kaplar&#8221;][\/vc_column][\/vc_row]<\/p>\n","protected":false},"excerpt":{"rendered":"<p>[vc_row][vc_column width=&#8221;1\/4&#8243;][vc_single_image image=&#8221;273&#8243; img_size=&#8221;full&#8221; img_link_target=&#8221;_self&#8221;][\/vc_column][vc_column width=&#8221;3\/4&#8243;][vc_wp_text title=&#8221;Kalorifer Kazan\u0131 Periyodik Kontrol\u00fc&#8221;]Genellikle \u0131s\u0131tma ama\u00e7l\u0131 olarak kullan\u0131l\u0131r. Is\u0131tma ama\u00e7l\u0131 kullan\u0131m oldu\u011fundan uygulama alanlar\u0131 olduk\u00e7a geni\u015ftir. Her kazan bir konstr\u00fcksiyon ve i\u015fletme bas\u0131nc\u0131 vard\u0131r&#8230;.<\/p>\n","protected":false},"author":1,"featured_media":0,"parent":239,"menu_order":0,"comment_status":"closed","ping_status":"closed","template":"","meta":[],"_links":{"self":[{"href":"https:\/\/www.astandart.com\/index.php?rest_route=\/wp\/v2\/pages\/268"}],"collection":[{"href":"https:\/\/www.astandart.com\/index.php?rest_route=\/wp\/v2\/pages"}],"about":[{"href":"https:\/\/www.astandart.com\/index.php?rest_route=\/wp\/v2\/types\/page"}],"author":[{"embeddable":true,"href":"https:\/\/www.astandart.com\/index.php?rest_route=\/wp\/v2\/users\/1"}],"replies":[{"embeddable":true,"href":"https:\/\/www.astandart.com\/index.php?rest_route=%2Fwp%2Fv2%2Fcomments&post=268"}],"version-history":[{"count":5,"href":"https:\/\/www.astandart.com\/index.php?rest_route=\/wp\/v2\/pages\/268\/revisions"}],"predecessor-version":[{"id":276,"href":"https:\/\/www.astandart.com\/index.php?rest_route=\/wp\/v2\/pages\/268\/revisions\/276"}],"up":[{"embeddable":true,"href":"https:\/\/www.astandart.com\/index.php?rest_route=\/wp\/v2\/pages\/239"}],"wp:attachment":[{"href":"https:\/\/www.astandart.com\/index.php?rest_route=%2Fwp%2Fv2%2Fmedia&parent=268"}],"curies":[{"name":"wp","href":"https:\/\/api.w.org\/{rel}","templated":true}]}}