{"id":246,"date":"2015-09-11T09:32:07","date_gmt":"2015-09-11T06:32:07","guid":{"rendered":"http:\/\/astandart.com\/?page_id=246"},"modified":"2015-09-11T11:16:30","modified_gmt":"2015-09-11T08:16:30","slug":"buhar-kazani","status":"publish","type":"page","link":"https:\/\/www.astandart.com\/?page_id=246","title":{"rendered":"Buhar Kazan\u0131"},"content":{"rendered":"<p>[vc_row][vc_column width=&#8221;1\/4&#8243;][vc_single_image image=&#8221;250&#8243; img_link_target=&#8221;_self&#8221; img_size=&#8221;full&#8221;][\/vc_column][vc_column width=&#8221;3\/4&#8243;][vc_wp_text title=&#8221;Buhar Kazan\u0131 Periyodik Kontrol\u00fc&#8221;]Buhar kazan\u0131 do\u011falgaz, k\u00f6m\u00fcr, fosil yak\u0131tlar veya motorin kullan\u0131larak suyun \u0131s\u0131t\u0131larak buharla\u015ft\u0131r\u0131lmas\u0131n\u0131 sa\u011flamaktad\u0131r. End\u00fcstriyel tesislerde olduk\u00e7a s\u0131k kullan\u0131lan kazanlard\u0131r. Is\u0131 transferi i\u015fleminin y\u00fcksek olu\u015fu sebebiyle iletim kolay olmaktad\u0131r ve pompalama i\u015flemine gerek duyulmamaktad\u0131r. Is\u0131t\u0131lacak y\u00fczeylerde homojen s\u0131cakl\u0131k da\u011f\u0131l\u0131m\u0131 ile her noktada e\u015fit \u0131s\u0131 sa\u011flanm\u0131\u015f olur. Buhar\u0131n nakledilmesi s\u0131ras\u0131nda ekstradan enerji ihtiyac\u0131 duyulmaz. Ta\u015f\u0131n\u0131m\u0131 ve iletimi kolayd\u0131r. Buhar kazan\u0131 y\u00fcksek miktarda \u0131s\u0131 enerjisi ta\u015f\u0131maktad\u0131r. K\u00fc\u00e7\u00fck boru \u00e7aplar\u0131 kullan\u0131labilir. Alev borulu kazanlar ve su borulu kazan \u00e7e\u015fitleri vard\u0131r. Alev borulu kazanlar\u0131n i\u00e7 taraf\u0131nda alev bulunurken d\u0131\u015f taraf\u0131nda ise su vard\u0131r. Kullan\u0131m\u0131 daha zor oldu\u011fu i\u00e7in nadiren tercih edilir. Su borulu kazanlar ise i\u00e7 taraf\u0131nda suyun bulundu\u011fu ve etraf\u0131nda alev ve gazlar\u0131n bulundu\u011fu kazand\u0131r.<\/p>\n<p>\u0130\u015f Ekipmanlar\u0131n\u0131n Kullan\u0131m\u0131nda Sa\u011fl\u0131k Ve G\u00fcvenlik \u015eartlar\u0131 Y\u00f6netmeli\u011fi\u2019ne G\u00f6re Buhar kazan\u0131 testi temel prensip olarak hidrostatik olarak yap\u0131lmal\u0131d\u0131r. Bu testler, standartlarda aksi belirtilmedi\u011fi s\u00fcrece i\u015fletme bas\u0131nc\u0131n\u0131n 1,5 kat\u0131 ile ve bir y\u0131l\u0131 a\u015fmayan s\u00fcrelerle yap\u0131l\u0131r. Ancak i\u015f ekipman\u0131n\u0131n \u00f6zelli\u011fi ve i\u015fletmeden kaynaklanan zorunlu \u015fartlar gere\u011fince hidrostatik test yapma imk\u00e2n\u0131 olmayan bas\u0131n\u00e7l\u0131 kaplarda hidrostatik test yerine standartlarda belirtilen tahribats\u0131z muayene y\u00f6ntemleri de uygulanabilir. Bu durumda, d\u00fczenlenecek periyodik kontrol raporlar\u0131nda bu husus gerek\u00e7esi ile birlikte belirtilir.[\/vc_wp_text][vc_wp_custommenu nav_menu=&#8221;4&#8243; title=&#8221;Bas\u0131n\u00e7l\u0131 Kaplar&#8221;][\/vc_column][\/vc_row]<\/p>\n","protected":false},"excerpt":{"rendered":"<p>[vc_row][vc_column width=&#8221;1\/4&#8243;][vc_single_image image=&#8221;250&#8243; img_link_target=&#8221;_self&#8221; img_size=&#8221;full&#8221;][\/vc_column][vc_column width=&#8221;3\/4&#8243;][vc_wp_text title=&#8221;Buhar Kazan\u0131 Periyodik Kontrol\u00fc&#8221;]Buhar kazan\u0131 do\u011falgaz, k\u00f6m\u00fcr, fosil yak\u0131tlar veya motorin kullan\u0131larak suyun \u0131s\u0131t\u0131larak buharla\u015ft\u0131r\u0131lmas\u0131n\u0131 sa\u011flamaktad\u0131r. End\u00fcstriyel tesislerde olduk\u00e7a s\u0131k kullan\u0131lan kazanlard\u0131r. Is\u0131 transferi&#8230;<\/p>\n","protected":false},"author":1,"featured_media":0,"parent":239,"menu_order":0,"comment_status":"closed","ping_status":"closed","template":"","meta":[],"_links":{"self":[{"href":"https:\/\/www.astandart.com\/index.php?rest_route=\/wp\/v2\/pages\/246"}],"collection":[{"href":"https:\/\/www.astandart.com\/index.php?rest_route=\/wp\/v2\/pages"}],"about":[{"href":"https:\/\/www.astandart.com\/index.php?rest_route=\/wp\/v2\/types\/page"}],"author":[{"embeddable":true,"href":"https:\/\/www.astandart.com\/index.php?rest_route=\/wp\/v2\/users\/1"}],"replies":[{"embeddable":true,"href":"https:\/\/www.astandart.com\/index.php?rest_route=%2Fwp%2Fv2%2Fcomments&post=246"}],"version-history":[{"count":5,"href":"https:\/\/www.astandart.com\/index.php?rest_route=\/wp\/v2\/pages\/246\/revisions"}],"predecessor-version":[{"id":267,"href":"https:\/\/www.astandart.com\/index.php?rest_route=\/wp\/v2\/pages\/246\/revisions\/267"}],"up":[{"embeddable":true,"href":"https:\/\/www.astandart.com\/index.php?rest_route=\/wp\/v2\/pages\/239"}],"wp:attachment":[{"href":"https:\/\/www.astandart.com\/index.php?rest_route=%2Fwp%2Fv2%2Fmedia&parent=246"}],"curies":[{"name":"wp","href":"https:\/\/api.w.org\/{rel}","templated":true}]}}