{"id":225,"date":"2015-09-11T08:36:36","date_gmt":"2015-09-11T05:36:36","guid":{"rendered":"http:\/\/astandart.com\/?page_id=225"},"modified":"2015-09-11T11:01:46","modified_gmt":"2015-09-11T08:01:46","slug":"halatli-zincirli-cektirme","status":"publish","type":"page","link":"https:\/\/www.astandart.com\/?page_id=225","title":{"rendered":"Halatl\u0131 \u2013 Zincirli \u00c7ektirme"},"content":{"rendered":"<p>[vc_row][vc_column width=&#8221;1\/4&#8243;][vc_single_image image=&#8221;226&#8243; img_link_target=&#8221;_self&#8221; img_size=&#8221;full&#8221;][\/vc_column][vc_column width=&#8221;3\/4&#8243;][vc_wp_text title=&#8221;Halatl\u0131 \u2013 Zincirli \u00c7ektirme Ekipman\u0131 Periyodik Kontrol\u00fc&#8221;]\u0130ki cismi belirli yerlerinden sabitleyerek birbirlerine yakla\u015ft\u0131rmaya yarayan \u00fcr\u00fcnlerdir.Caraskallardan fark\u0131 yatay \u00e7al\u0131\u015fmalar\u0131d\u0131r<br \/>\n1,5mt zincir boylar\u0131 vard\u0131r.\u0130lave zincir ekleyebilir.<\/p>\n<p>Y\u00fck kald\u0131rmak i\u00e7in tasarlanm\u0131\u015f seyyar veya s\u00f6k\u00fcl\u00fcp tak\u0131labilir i\u015f ekipmanlar\u0131n\u0131n zemin \u00f6zellikleri de dikkate al\u0131narak \u00f6ng\u00f6r\u00fclen b\u00fct\u00fcn kullan\u0131m \u015fartlar\u0131nda sa\u011flam ve kararl\u0131 bir \u015fekilde kullan\u0131lmas\u0131 sa\u011flan\u0131r.<\/p>\n<p>Zincirli \u00e7ektirme muayenesi i\u00e7in beyan kapasitesi \u00e7ektirme grubunun i\u015fletmede kald\u0131rmakta kullan\u0131ld\u0131\u011f\u0131 en a\u011f\u0131r y\u00fck (nominal kapasiteyi ge\u00e7memek \u00fczere) yaz\u0131larak belirlenir.<\/p>\n<p>Kald\u0131rma ve iletme ekipmanlar\u0131, Standartlarda aksi belirtilmedi\u011fi s\u00fcrece, kald\u0131rma ve iletme ekipmanlar\u0131, beyan edilen y\u00fck\u00fcn en az 1,25<br \/>\nkat\u0131n\u0131, etkili ve g\u00fcvenli bir \u015fekilde kald\u0131racak ve ask\u0131da tutabilecek g\u00fc\u00e7te olur ve bunlar\u0131n bu y\u00fcke dayan\u0131kl\u0131 ve yeterli y\u00fck frenleri bulunmas\u0131 gerekmektedir.<\/p>\n<p>Zincirli \u00e7ektirme(hubzug) periyodik kontrol aral\u0131\u011f\u0131 ve kriterleri standartlar ile belirlenmemi\u015f i\u015f ekipmanlar\u0131n\u0131n periyodik kontrolleri, varsa imalat\u00e7\u0131n\u0131n \u00f6ng\u00f6rd\u00fc\u011f\u00fc aral\u0131k ve kriterlerde yap\u0131l\u0131r. Bu hususlar, imalat\u00e7\u0131 taraf\u0131ndan belirlenmemi\u015f ise i\u015f ekipman\u0131n\u0131n periyodik kontrol\u00fc, bulundu\u011fu i\u015fyeri ortam ko\u015fullar\u0131, kullan\u0131m s\u0131kl\u0131\u011f\u0131 ile kullan\u0131m s\u00fcresi gibi fakt\u00f6rler g\u00f6z \u00f6n\u00fcnde bulundurularak, yap\u0131lacak risk de\u011ferlendirmesi sonu\u00e7lar\u0131na g\u00f6re, belirlenecek aral\u0131klarda yap\u0131l\u0131r. Belirlenen periyodik kontrol aral\u0131\u011f\u0131n\u0131n, y\u00f6netmelikte belirtilen istisnalar d\u0131\u015f\u0131nda, bir y\u0131l\u0131 a\u015fmamas\u0131 gerekir. Kontroller sonras\u0131nda periyodik kontrol raporu d\u00fczenlenir. D\u00fczenlenen belgeler, i\u015f ekipman\u0131n\u0131n kullan\u0131ld\u0131\u011f\u0131 s\u00fcrece saklan\u0131r.[\/vc_wp_text][vc_wp_custommenu nav_menu=&#8221;3&#8243; title=&#8221;Kald\u0131rma Ekipmanlar\u0131&#8221;][\/vc_column][\/vc_row]<\/p>\n","protected":false},"excerpt":{"rendered":"<p>[vc_row][vc_column width=&#8221;1\/4&#8243;][vc_single_image image=&#8221;226&#8243; img_link_target=&#8221;_self&#8221; img_size=&#8221;full&#8221;][\/vc_column][vc_column width=&#8221;3\/4&#8243;][vc_wp_text title=&#8221;Halatl\u0131 \u2013 Zincirli \u00c7ektirme Ekipman\u0131 Periyodik Kontrol\u00fc&#8221;]\u0130ki cismi belirli yerlerinden sabitleyerek birbirlerine yakla\u015ft\u0131rmaya yarayan \u00fcr\u00fcnlerdir.Caraskallardan fark\u0131 yatay \u00e7al\u0131\u015fmalar\u0131d\u0131r 1,5mt zincir boylar\u0131 vard\u0131r.\u0130lave zincir ekleyebilir&#8230;.<\/p>\n","protected":false},"author":1,"featured_media":0,"parent":103,"menu_order":0,"comment_status":"closed","ping_status":"closed","template":"","meta":[],"_links":{"self":[{"href":"https:\/\/www.astandart.com\/index.php?rest_route=\/wp\/v2\/pages\/225"}],"collection":[{"href":"https:\/\/www.astandart.com\/index.php?rest_route=\/wp\/v2\/pages"}],"about":[{"href":"https:\/\/www.astandart.com\/index.php?rest_route=\/wp\/v2\/types\/page"}],"author":[{"embeddable":true,"href":"https:\/\/www.astandart.com\/index.php?rest_route=\/wp\/v2\/users\/1"}],"replies":[{"embeddable":true,"href":"https:\/\/www.astandart.com\/index.php?rest_route=%2Fwp%2Fv2%2Fcomments&post=225"}],"version-history":[{"count":2,"href":"https:\/\/www.astandart.com\/index.php?rest_route=\/wp\/v2\/pages\/225\/revisions"}],"predecessor-version":[{"id":263,"href":"https:\/\/www.astandart.com\/index.php?rest_route=\/wp\/v2\/pages\/225\/revisions\/263"}],"up":[{"embeddable":true,"href":"https:\/\/www.astandart.com\/index.php?rest_route=\/wp\/v2\/pages\/103"}],"wp:attachment":[{"href":"https:\/\/www.astandart.com\/index.php?rest_route=%2Fwp%2Fv2%2Fmedia&parent=225"}],"curies":[{"name":"wp","href":"https:\/\/api.w.org\/{rel}","templated":true}]}}