{"id":205,"date":"2015-09-11T08:03:13","date_gmt":"2015-09-11T05:03:13","guid":{"rendered":"http:\/\/astandart.com\/?page_id=205"},"modified":"2015-09-11T10:58:24","modified_gmt":"2015-09-11T07:58:24","slug":"arac-kaldirma-liftleri","status":"publish","type":"page","link":"https:\/\/www.astandart.com\/?page_id=205","title":{"rendered":"Ara\u00e7 Kald\u0131rma Liftleri"},"content":{"rendered":"<p>[vc_row][vc_column width=&#8221;1\/4&#8243;][vc_single_image image=&#8221;164&#8243; img_link_target=&#8221;_self&#8221; img_size=&#8221;full&#8221;][\/vc_column][vc_column width=&#8221;3\/4&#8243;][vc_wp_text title=&#8221;Ara\u00e7 Kald\u0131rma Lifti Periyodik Kontrol\u00fc&#8221;]\u0130\u015f Ekipmanlar\u0131n\u0131n Kullan\u0131m\u0131nda Sa\u011fl\u0131k ve G\u00fcvenlik \u015eartlar\u0131 Y\u00f6netmeli\u011fi\u2019ne g\u00f6re standartlarda aksi belirtilmedi\u011fi s\u00fcrece, Liftler, Ara\u00e7 Kald\u0131rma Lifti ve Krikolar, beyan edilen y\u00fck\u00fcn en az 1,25 kat\u0131n\u0131, dinamik deneyde ise 1,1 kat\u0131n\u0131, etkili ve g\u00fcvenli bir \u015fekilde kald\u0131racak ve ask\u0131da tutabilecek g\u00fc\u00e7te dayan\u0131kl\u0131l\u0131k ve yeterlikleri bir y\u0131l\u0131 a\u015fmayan s\u00fcrelerle kontrol edilir.<\/p>\n<p>Lift periyodik kontrol\u00fc ilgili standartlarda belirtilen kriterlere uygun olarak konusunda uzman makine m\u00fchendislerimiz taraf\u0131ndan yap\u0131l\u0131r.<\/p>\n<p>Kapasitesinin alt\u0131nda kullan\u0131lacak liftlerde beyan edilen kald\u0131r\u0131lacak azami y\u00fck, i\u015fveren taraf\u0131ndan beyan edilen kald\u0131r\u0131lacak maksimum a\u011f\u0131rl\u0131kt\u0131r.[\/vc_wp_text][vc_wp_custommenu nav_menu=&#8221;3&#8243; title=&#8221;Kald\u0131rma Ekipmanlar\u0131&#8221;][\/vc_column][\/vc_row]<\/p>\n","protected":false},"excerpt":{"rendered":"<p>[vc_row][vc_column width=&#8221;1\/4&#8243;][vc_single_image image=&#8221;164&#8243; img_link_target=&#8221;_self&#8221; img_size=&#8221;full&#8221;][\/vc_column][vc_column width=&#8221;3\/4&#8243;][vc_wp_text title=&#8221;Ara\u00e7 Kald\u0131rma Lifti Periyodik Kontrol\u00fc&#8221;]\u0130\u015f Ekipmanlar\u0131n\u0131n Kullan\u0131m\u0131nda Sa\u011fl\u0131k ve G\u00fcvenlik \u015eartlar\u0131 Y\u00f6netmeli\u011fi\u2019ne g\u00f6re standartlarda aksi belirtilmedi\u011fi s\u00fcrece, Liftler, Ara\u00e7 Kald\u0131rma Lifti ve Krikolar, beyan&#8230;<\/p>\n","protected":false},"author":1,"featured_media":0,"parent":103,"menu_order":0,"comment_status":"closed","ping_status":"closed","template":"","meta":[],"_links":{"self":[{"href":"https:\/\/www.astandart.com\/index.php?rest_route=\/wp\/v2\/pages\/205"}],"collection":[{"href":"https:\/\/www.astandart.com\/index.php?rest_route=\/wp\/v2\/pages"}],"about":[{"href":"https:\/\/www.astandart.com\/index.php?rest_route=\/wp\/v2\/types\/page"}],"author":[{"embeddable":true,"href":"https:\/\/www.astandart.com\/index.php?rest_route=\/wp\/v2\/users\/1"}],"replies":[{"embeddable":true,"href":"https:\/\/www.astandart.com\/index.php?rest_route=%2Fwp%2Fv2%2Fcomments&post=205"}],"version-history":[{"count":4,"href":"https:\/\/www.astandart.com\/index.php?rest_route=\/wp\/v2\/pages\/205\/revisions"}],"predecessor-version":[{"id":212,"href":"https:\/\/www.astandart.com\/index.php?rest_route=\/wp\/v2\/pages\/205\/revisions\/212"}],"up":[{"embeddable":true,"href":"https:\/\/www.astandart.com\/index.php?rest_route=\/wp\/v2\/pages\/103"}],"wp:attachment":[{"href":"https:\/\/www.astandart.com\/index.php?rest_route=%2Fwp%2Fv2%2Fmedia&parent=205"}],"curies":[{"name":"wp","href":"https:\/\/api.w.org\/{rel}","templated":true}]}}