{"id":192,"date":"2015-09-10T19:29:55","date_gmt":"2015-09-10T16:29:55","guid":{"rendered":"http:\/\/astandart.com\/?page_id=192"},"modified":"2015-09-11T10:47:56","modified_gmt":"2015-09-11T07:47:56","slug":"transpalet","status":"publish","type":"page","link":"https:\/\/www.astandart.com\/?page_id=192","title":{"rendered":"Transpalet"},"content":{"rendered":"<p>[vc_row][vc_column width=&#8221;1\/4&#8243;][vc_single_image image=&#8221;157&#8243; img_link_target=&#8221;_self&#8221; img_size=&#8221;full&#8221;][\/vc_column][vc_column width=&#8221;3\/4&#8243;][vc_wp_text title=&#8221;Transpalet Periyodik Kontrol\u00fc&#8221;]Transpalet; insan kontroll\u00fc, yaya (manuel transpalet) veya motor (motorlu transpalet) g\u00fcc\u00fcyle \u00e7al\u0131\u015fan paletlere y\u00fcklenmi\u015f y\u00fckleri hidrolik pompa g\u00fcc\u00fcyle yatay olarak kald\u0131rarak ta\u015f\u0131maya yarayan ara\u00e7lard\u0131r. \u0130ki adet \u00e7ataldan olu\u015furlar ve paletlerin \u00fczerindeki bo\u015fluklara bu \u00e7atallar\u0131n girmesi ve \u00e7atallar\u0131n yukar\u0131 do\u011frultuda kald\u0131r\u0131lmas\u0131yla y\u00fckleme yap\u0131lm\u0131\u015f olur. Bir krikonun palet ta\u015f\u0131ma i\u00e7in \u00f6zelle\u015ftirilmi\u015f hali olarak d\u00fc\u015f\u00fcn\u00fclebilir. Standart ve \u00e7e\u015fitli i\u015fler i\u00e7in \u00f6zel (makasl\u0131 transpalet, kasa transpaleti) \u00e7e\u015fitleri ile \u00e7e\u015fitli kapasitelerde transpaletler piyasada bulunabilir.<\/p>\n<p>Transpaletler y\u00fck ta\u015f\u0131ma ama\u00e7l\u0131d\u0131r ve canl\u0131 ta\u015f\u0131ma ama\u00e7l\u0131 kullan\u0131lmamal\u0131d\u0131r. Transpalet iterek de\u011fil \u00e7ekerek kullan\u0131l\u0131r. \u00dczerinde y\u00fck varken ani d\u00f6n\u00fc\u015flerden ka\u00e7\u0131n\u0131lmal\u0131d\u0131r. Palet y\u00fcksekli\u011finin minimum 100 mm olmas\u0131 gerekmektedir. Farkl\u0131 \u00f6l\u00e7\u00fclerdeki paletler i\u00e7in uygun model transpaletler kullan\u0131lmal\u0131d\u0131r.<\/p>\n<p>Transpaletlerin ta\u015f\u0131ma kapasiteleri \u00fczerlerindeki madeni etikette yazmaktad\u0131r. Ta\u015f\u0131ma kapasitesinin \u00fczerinde y\u00fcklenmesi durumunda transpalet zarar g\u00f6rebilir. Y\u00fcklenen malzeme ile transpaletin a\u011f\u0131rl\u0131k merkezi ayn\u0131 hizada olmazsa devrilme ger\u00e7ekle\u015febilir ve y\u00fck zarar g\u00f6rebilir.<\/p>\n<p>Transpalet muayenesi \u0130\u015f Ekipmanlar\u0131n\u0131n Kullan\u0131m\u0131nda Sa\u011fl\u0131k ve G\u00fcvenlik \u015eartlar\u0131 Y\u00f6netmeli\u011fine g\u00f6re yap\u0131lmas\u0131 gerekmektedir.[\/vc_wp_text][vc_wp_custommenu nav_menu=&#8221;3&#8243; title=&#8221;Kald\u0131rma Ekipmanlar\u0131&#8221;][\/vc_column][\/vc_row]<\/p>\n","protected":false},"excerpt":{"rendered":"<p>[vc_row][vc_column width=&#8221;1\/4&#8243;][vc_single_image image=&#8221;157&#8243; img_link_target=&#8221;_self&#8221; img_size=&#8221;full&#8221;][\/vc_column][vc_column width=&#8221;3\/4&#8243;][vc_wp_text title=&#8221;Transpalet Periyodik Kontrol\u00fc&#8221;]Transpalet; insan kontroll\u00fc, yaya (manuel transpalet) veya motor (motorlu transpalet) g\u00fcc\u00fcyle \u00e7al\u0131\u015fan paletlere y\u00fcklenmi\u015f y\u00fckleri hidrolik pompa g\u00fcc\u00fcyle yatay olarak kald\u0131rarak ta\u015f\u0131maya&#8230;<\/p>\n","protected":false},"author":1,"featured_media":0,"parent":103,"menu_order":0,"comment_status":"closed","ping_status":"closed","template":"","meta":[],"_links":{"self":[{"href":"https:\/\/www.astandart.com\/index.php?rest_route=\/wp\/v2\/pages\/192"}],"collection":[{"href":"https:\/\/www.astandart.com\/index.php?rest_route=\/wp\/v2\/pages"}],"about":[{"href":"https:\/\/www.astandart.com\/index.php?rest_route=\/wp\/v2\/types\/page"}],"author":[{"embeddable":true,"href":"https:\/\/www.astandart.com\/index.php?rest_route=\/wp\/v2\/users\/1"}],"replies":[{"embeddable":true,"href":"https:\/\/www.astandart.com\/index.php?rest_route=%2Fwp%2Fv2%2Fcomments&post=192"}],"version-history":[{"count":2,"href":"https:\/\/www.astandart.com\/index.php?rest_route=\/wp\/v2\/pages\/192\/revisions"}],"predecessor-version":[{"id":258,"href":"https:\/\/www.astandart.com\/index.php?rest_route=\/wp\/v2\/pages\/192\/revisions\/258"}],"up":[{"embeddable":true,"href":"https:\/\/www.astandart.com\/index.php?rest_route=\/wp\/v2\/pages\/103"}],"wp:attachment":[{"href":"https:\/\/www.astandart.com\/index.php?rest_route=%2Fwp%2Fv2%2Fmedia&parent=192"}],"curies":[{"name":"wp","href":"https:\/\/api.w.org\/{rel}","templated":true}]}}