{"id":186,"date":"2015-09-10T19:11:35","date_gmt":"2015-09-10T16:11:35","guid":{"rendered":"http:\/\/astandart.com\/?page_id=186"},"modified":"2015-09-11T09:50:20","modified_gmt":"2015-09-11T06:50:20","slug":"186-2","status":"publish","type":"page","link":"https:\/\/www.astandart.com\/?page_id=186","title":{"rendered":"Forklift"},"content":{"rendered":"<p>[vc_row][vc_column width=&#8221;1\/4&#8243;][vc_single_image image=&#8221;88&#8243; img_link_target=&#8221;_self&#8221; img_size=&#8221;full&#8221;][\/vc_column][vc_column width=&#8221;3\/4&#8243;][vc_wp_text title=&#8221;Forklift periyodik kontrol\u00fc&#8221;]Forklift, daha \u00e7ok a\u011f\u0131r sanayi sekt\u00f6r\u00fcnde olmak \u00fczere, istifleme, depolama, ambarlama, stoklama gibi a\u011f\u0131r i\u015flerin oldu\u011fu her alanda kullan\u0131lmaktad\u0131r. Genel anlamda forklift, y\u00fckleme, bo\u015faltma ve ta\u015f\u0131ma i\u015flemlerinde kullan\u0131lmaktad\u0131r.<\/p>\n<p>\u0130\u015f ya\u015fam\u0131nda genellikle insan g\u00fcc\u00fcn\u00fcn yetmedi\u011fi, a\u011f\u0131r y\u00fcklerin kald\u0131r\u0131lmas\u0131, istenilen yerlere g\u00f6t\u00fcr\u00fclmesi ve uygun yerlere istiflenmesi i\u00e7in kullan\u0131lan bir i\u015f makinas\u0131d\u0131r.<\/p>\n<p>Genel ama\u00e7l\u0131 olan forkliftlerde y\u00fck\u00fcn a\u011f\u0131rl\u0131\u011f\u0131 arac\u0131n a\u011f\u0131rl\u0131\u011f\u0131yla dengelenir. En s\u0131k kullan\u0131lan forklift tipi \u2018front\u2019 (\u00f6nden y\u00fcklemeli) olanlar\u0131d\u0131r. Derli toplu yap\u0131lar\u0131 ve \u00fcst\u00fcn manevra kabiliyetleri en \u00f6nemli \u00f6zellikleridir. Operat\u00f6r\u00fcn g\u00f6r\u00fc\u015f alan\u0131n\u0131n k\u0131s\u0131tl\u0131 olmas\u0131 ise dezavantaj\u0131d\u0131r. Di\u011fer bir tip ise \u2018yandan ta\u015f\u0131mal\u0131\u2019 olanlar\u0131d\u0131r. Bu tipler di\u011ferlerine g\u00f6re daha uzun olan y\u00fckleri ta\u015f\u0131yabilme \u00f6zelli\u011fine sahiptirler. Forkliftlerin b\u00fcy\u00fckl\u00fckleri kullan\u0131m yerine ve amac\u0131na g\u00f6re de\u011fi\u015fir. Ta\u015f\u0131ma kapasiteleri ise 0,5 tondan ba\u015flay\u0131p 30 tona kadar de\u011fi\u015fir.<\/p>\n<p>Forklift muayenesi tercihen nominal kapasite yaz\u0131larak test yap\u0131lmal\u0131d\u0131r. Ancak, \u00e7ok d\u00fc\u015f\u00fck a\u011f\u0131rl\u0131klarda \u00e7al\u0131\u015f\u0131lan, a\u011f\u0131rl\u0131k merkezi mesafesi uzun olmayan ve uygun a\u011f\u0131rl\u0131k kesinlikle bulunamayan durumlarda. a\u011f\u0131rl\u0131k mesafesi g\u00f6z \u00f6n\u00fcnde bulundurularak maksimum i\u015fletme kapasitesine g\u00f6re de forklift testi yap\u0131labilir.<\/p>\n<p>Forklift periyodik kontrolleri yapmaya yetkili ki\u015filer taraf\u0131ndan yap\u0131lacak kontroller sonucunda forklift periyodik kontrol raporu d\u00fczenlenir. D\u00fczenlenen belgeler, i\u015f ekipman\u0131n\u0131n kullan\u0131ld\u0131\u011f\u0131 s\u00fcrece saklan\u0131r.<\/p>\n<p>[\/vc_wp_text][vc_wp_custommenu nav_menu=&#8221;3&#8243; title=&#8221;Kald\u0131rma Ekipmanlar\u0131&#8221;][\/vc_column][\/vc_row]<\/p>\n","protected":false},"excerpt":{"rendered":"<p>[vc_row][vc_column width=&#8221;1\/4&#8243;][vc_single_image image=&#8221;88&#8243; img_link_target=&#8221;_self&#8221; img_size=&#8221;full&#8221;][\/vc_column][vc_column width=&#8221;3\/4&#8243;][vc_wp_text title=&#8221;Forklift periyodik kontrol\u00fc&#8221;]Forklift, daha \u00e7ok a\u011f\u0131r sanayi sekt\u00f6r\u00fcnde olmak \u00fczere, istifleme, depolama, ambarlama, stoklama gibi a\u011f\u0131r i\u015flerin oldu\u011fu her alanda kullan\u0131lmaktad\u0131r. Genel anlamda forklift,&#8230;<\/p>\n","protected":false},"author":1,"featured_media":0,"parent":103,"menu_order":0,"comment_status":"closed","ping_status":"closed","template":"","meta":[],"_links":{"self":[{"href":"https:\/\/www.astandart.com\/index.php?rest_route=\/wp\/v2\/pages\/186"}],"collection":[{"href":"https:\/\/www.astandart.com\/index.php?rest_route=\/wp\/v2\/pages"}],"about":[{"href":"https:\/\/www.astandart.com\/index.php?rest_route=\/wp\/v2\/types\/page"}],"author":[{"embeddable":true,"href":"https:\/\/www.astandart.com\/index.php?rest_route=\/wp\/v2\/users\/1"}],"replies":[{"embeddable":true,"href":"https:\/\/www.astandart.com\/index.php?rest_route=%2Fwp%2Fv2%2Fcomments&post=186"}],"version-history":[{"count":4,"href":"https:\/\/www.astandart.com\/index.php?rest_route=\/wp\/v2\/pages\/186\/revisions"}],"predecessor-version":[{"id":257,"href":"https:\/\/www.astandart.com\/index.php?rest_route=\/wp\/v2\/pages\/186\/revisions\/257"}],"up":[{"embeddable":true,"href":"https:\/\/www.astandart.com\/index.php?rest_route=\/wp\/v2\/pages\/103"}],"wp:attachment":[{"href":"https:\/\/www.astandart.com\/index.php?rest_route=%2Fwp%2Fv2%2Fmedia&parent=186"}],"curies":[{"name":"wp","href":"https:\/\/api.w.org\/{rel}","templated":true}]}}