{"id":180,"date":"2015-09-10T18:58:11","date_gmt":"2015-09-10T15:58:11","guid":{"rendered":"http:\/\/astandart.com\/?page_id=180"},"modified":"2015-09-11T09:48:46","modified_gmt":"2015-09-11T06:48:46","slug":"180-2","status":"publish","type":"page","link":"https:\/\/www.astandart.com\/?page_id=180","title":{"rendered":"Caraskal"},"content":{"rendered":"<p>[vc_row][vc_column width=&#8221;1\/4&#8243;][vc_single_image image=&#8221;147&#8243; img_link_target=&#8221;_self&#8221; img_size=&#8221;full&#8221;][\/vc_column][vc_column width=&#8221;3\/4&#8243;][vc_wp_text title=&#8221;Caraskal Periyodik Kontrol\u00fc&#8221;]Caraskal, Diferansiyel palanga da denilen en b\u00fcy\u00fck \u00f6zelli\u011fi kald\u0131r\u0131lan y\u00fck\u00fcn istenilen konumda bir kuvvet olmaks\u0131z\u0131n durabilmesi ve y\u00fck\u00fc kald\u0131rmak i\u00e7in gereken kuvvetin az olmas\u0131 olan, kusuru ise y\u00fck\u00fcn kald\u0131r\u0131lma s\u00fcresinin uzamas\u0131 yani yoldan kay\u0131pt\u0131r.<\/p>\n<p>E\u015f merkezli ve birlikte d\u00f6nen iki sabit ve bir de hareketli serbest makaradan meydana gelir. Bak\u0131mlar\u0131n\u0131n kolay ve boyutlar\u0131n\u0131n k\u00fc\u00e7\u00fck olmas\u0131 dolay\u0131s\u0131yla k\u00fc\u00e7\u00fck at\u00f6lye ve i\u015fletmelerde yayg\u0131n olarak kullan\u0131l\u0131rlar.<\/p>\n<p>\u0130\u015f Ekipmanlar\u0131n\u0131n Kullan\u0131m\u0131nda Sa\u011fl\u0131k Ve G\u00fcvenlik \u015eartlar\u0131 Y\u00f6netmeli\u011fi\u2019ne g\u00f6re \u0130\u015fverence, ar\u0131zaya sebep olabilecek etkilere maruz kalarak tehlike yaratabilecek i\u015f ekipman\u0131n\u0131n; 1) Uzman ki\u015filerce periyodik kontrollerini ve gerekti\u011finde testlerinin yap\u0131lmas\u0131, 2) \u00c7al\u0131\u015fma \u015feklinde de\u011fi\u015fiklikler, kazalar, do\u011fal olaylar veya ekipman\u0131n uzun s\u00fcre kullan\u0131lmamas\u0131 gibi i\u015f ekipman\u0131ndaki g\u00fcvenli\u011fin bozulmas\u0131na neden olabilecek durumlardan sonra, ar\u0131zan\u0131n zaman\u0131nda belirlenip giderilmesi ve sa\u011fl\u0131k ve g\u00fcvenlik ko\u015fullar\u0131n\u0131n korunmas\u0131 i\u00e7in uzman ki\u015filerce gerekli kontrollerin yap\u0131lmas\u0131, sa\u011flanacakt\u0131r.<\/p>\n<p>Caraskal muayene(periyodik) kontrol aral\u0131\u011f\u0131 ve kriterleri standartlar ile belirlenmemi\u015f i\u015f ekipmanlar\u0131n\u0131n periyodik kontrolleri, varsa imalat\u00e7\u0131n\u0131n \u00f6ng\u00f6rd\u00fc\u011f\u00fc aral\u0131k ve kriterlerde yap\u0131l\u0131r. Bu hususlar, imalat\u00e7\u0131 taraf\u0131ndan belirlenmemi\u015f ise i\u015f ekipman\u0131n\u0131n periyodik kontrol\u00fc, bulundu\u011fu i\u015fyeri ortam ko\u015fullar\u0131, kullan\u0131m s\u0131kl\u0131\u011f\u0131 ile kullan\u0131m s\u00fcresi gibi fakt\u00f6rler g\u00f6z \u00f6n\u00fcnde bulundurularak, yap\u0131lacak risk de\u011ferlendirmesi sonu\u00e7lar\u0131na g\u00f6re, belirlenecek aral\u0131klarda yap\u0131l\u0131r. Belirlenen periyodik kontrol aral\u0131\u011f\u0131n\u0131n, y\u00f6netmelikte belirtilen istisnalar d\u0131\u015f\u0131nda, bir y\u0131l\u0131 a\u015fmamas\u0131 gerekir.<br \/>\n[\/vc_wp_text][vc_wp_custommenu nav_menu=&#8221;3&#8243; title=&#8221;Kald\u0131rma Ekipmanlar\u0131&#8221;][\/vc_column][\/vc_row]<\/p>\n","protected":false},"excerpt":{"rendered":"<p>[vc_row][vc_column width=&#8221;1\/4&#8243;][vc_single_image image=&#8221;147&#8243; img_link_target=&#8221;_self&#8221; img_size=&#8221;full&#8221;][\/vc_column][vc_column width=&#8221;3\/4&#8243;][vc_wp_text title=&#8221;Caraskal Periyodik Kontrol\u00fc&#8221;]Caraskal, Diferansiyel palanga da denilen en b\u00fcy\u00fck \u00f6zelli\u011fi kald\u0131r\u0131lan y\u00fck\u00fcn istenilen konumda bir kuvvet olmaks\u0131z\u0131n durabilmesi ve y\u00fck\u00fc kald\u0131rmak i\u00e7in gereken kuvvetin&#8230;<\/p>\n","protected":false},"author":1,"featured_media":0,"parent":103,"menu_order":0,"comment_status":"closed","ping_status":"closed","template":"","meta":[],"_links":{"self":[{"href":"https:\/\/www.astandart.com\/index.php?rest_route=\/wp\/v2\/pages\/180"}],"collection":[{"href":"https:\/\/www.astandart.com\/index.php?rest_route=\/wp\/v2\/pages"}],"about":[{"href":"https:\/\/www.astandart.com\/index.php?rest_route=\/wp\/v2\/types\/page"}],"author":[{"embeddable":true,"href":"https:\/\/www.astandart.com\/index.php?rest_route=\/wp\/v2\/users\/1"}],"replies":[{"embeddable":true,"href":"https:\/\/www.astandart.com\/index.php?rest_route=%2Fwp%2Fv2%2Fcomments&post=180"}],"version-history":[{"count":3,"href":"https:\/\/www.astandart.com\/index.php?rest_route=\/wp\/v2\/pages\/180\/revisions"}],"predecessor-version":[{"id":256,"href":"https:\/\/www.astandart.com\/index.php?rest_route=\/wp\/v2\/pages\/180\/revisions\/256"}],"up":[{"embeddable":true,"href":"https:\/\/www.astandart.com\/index.php?rest_route=\/wp\/v2\/pages\/103"}],"wp:attachment":[{"href":"https:\/\/www.astandart.com\/index.php?rest_route=%2Fwp%2Fv2%2Fmedia&parent=180"}],"curies":[{"name":"wp","href":"https:\/\/api.w.org\/{rel}","templated":true}]}}